{"id":170,"date":"2016-04-07T12:11:17","date_gmt":"2016-04-07T11:11:17","guid":{"rendered":"http:\/\/haciendareallosolivos.com\/wp1\/?page_id=170"},"modified":"2017-01-31T19:15:15","modified_gmt":"2017-01-31T18:15:15","slug":"ceremonias-civiles","status":"publish","type":"page","link":"https:\/\/haciendareallosolivos.com\/wp1\/eventos\/ceremonias-civiles\/","title":{"rendered":"Ceremon\u00edas Civiles"},"content":{"rendered":"<p><strong><em><span style=\"color: #808000;\">El d\u00eda comienza aqu\u00ed,<\/span><\/em><\/strong><\/p>\n<p>Imagina una ceremonia rom\u00e1ntica, la alfombra roja, el pasillo y las flores; imagina dar el s\u00ed quiero en un lugar id\u00edlico pintado con el azul del cielo y el verde de sus jardines, imagina el sonido<br \/>\ntranquilizador de las fuentes y estanques. Gracias a nuestros grandes espacios y rincones podr\u00e1s realizar el evento so\u00f1ado.<\/p>\n\t\r\n    <script src=\"http:\/\/ajax.googleapis.com\/ajax\/libs\/webfont\/1\/webfont.js\"><\/script>\r\n    <script type=\"text\/javascript\">\r\n\tWebFont.load({\r\n\t\tgoogle: {\r\n\t\tfamilies: ['Arial'] \/\/ saved value\r\n\t\t}\r\n\t});\r\n    <\/script>\r\n\r\n    <style>\r\n    #lbsp_631 .b-link-fade .b-wrapper,#lbsp_631 .b-link-fade .b-top-line{\r\n        background: rgba(52, 107, 27, 0.5);\r\n    }\r\n    #lbsp_631 .b-link-flow .b-wrapper,#lbsp_631 .b-link-flow .b-top-line{\r\n        background: rgba(52, 107, 27, 0.5);\r\n    }\r\n    #lbsp_631 .b-link-stroke .b-top-line{\r\n        background: rgba(52, 107, 27, 0.5);\r\n    }\r\n    #lbsp_631 .b-link-stroke .b-bottom-line{\r\n        background: rgba(52, 107, 27, 0.5);\r\n    }\r\n\r\n    #lbsp_631 .b-link-box .b-top-line{\r\n\r\n        border: 16px solid rgba(52, 107, 27, 0.5);\r\n    }\r\n    #lbsp_631 .b-link-box .b-bottom-line{\r\n        background: rgba(52, 107, 27, 0.5);\r\n    }\r\n    #lbsp_631 .b-link-stripe .b-line{\r\n        background: rgba(52, 107, 27, 0.5);\r\n    }\r\n    #lbsp_631 .b-link-apart-horisontal .b-top-line,#lbsp_631 .b-link-apart-horisontal .b-top-line-up{\r\n        background: rgba(52, 107, 27, 0.5);\r\n\r\n    }\r\n    #lbsp_631 .b-link-apart-horisontal .b-bottom-line,#lbsp_631 .b-link-apart-horisontal .b-bottom-line-up{\r\n        background: rgba(52, 107, 27, 0.5);\r\n    }\r\n    #lbsp_631 .b-link-apart-vertical .b-top-line,#lbsp_631 .b-link-apart-vertical .b-top-line-up{\r\n        background: rgba(52, 107, 27, 0.5);\r\n    }\r\n    #lbsp_631 .b-link-apart-vertical .b-bottom-line,#lbsp_631 .b-link-apart-vertical .b-bottom-line-up{\r\n        background: rgba(52, 107, 27, 0.5);\r\n    }\r\n    #lbsp_631 .b-link-diagonal .b-line{\r\n        background: rgba(52, 107, 27, 0.5);\r\n    }\r\n\r\n    #lbsp_631 .b-wrapper{\r\n        font-family:Arial; \/\/ real name pass here\r\n    }\r\n\t@media (min-width: 992px){\r\n\t\t#lbsp_631 .col-md-6 {\r\n\t\t\twidth: 49.97% !important;\r\n\t\t}\r\n\t\t#lbsp_631 .col-md-4 {\r\n\t\t\twidth: 33.30% !important;\r\n\t\t}\r\n\t\t#lbsp_631 .col-md-3 {\r\n\t\t\twidth: 24.90% !important;\r\n\t\t}\r\n\t\t#lbsp_631 .col-md-2 {\r\n\t\t\twidth: 16.60% !important;\r\n\t\t}\r\n\t}\r\n\timg {\r\n\t\tmax-width:1920px !important;\r\n\t}\r\n\t\r\n\t#lbsp_631 .lbsp_home_portfolio_caption{\r\n\t\tbackground:#FFFFFF;\r\n\t}\r\n\t#lbsp_631 .lbsp_home_portfolio_caption h3{\r\n\t\tcolor:#000000;\r\n\t}\r\n\t#lbsp_631 .fa{\r\n\t\tcolor:#FFFFFF!important;\r\n\t}\r\n\t\t#lbsp_631 .img-box-shadow{\r\n\t\tbox-shadow: 0 0 6px rgba(0,0,0,.7);\r\n\t}\r\n\t\t\r\n\t    <\/style>\r\n\r\n    \r\n    <div  class=\"gal-container photobox-lightbox\" id=\"lbsp_631\">\r\n\t\t\t\t\t<!--get the post id-->\r\n\t\t\t\t\t\t\r\n\t\t\t\t<!--Gallery Title-->\r\n\t\t\t\t\t\t\t\t\r\n\t\t\t\t<div class=\"gallery1\">\r\n\t\t\t\t\t\t\t\t\t\t\t<div class=\"col-md-4 col-sm-6 wl-gallery\" >\r\n\t\t\t\t\t\t\t<div class=\"img-box-shadow\">\r\n\t\t\t\t\t\t\t\t\t\t\t\t\t\t\t<div class=\"b-link-stripe b-animate-go\">\r\n\t\t\t\t\t\t\t\t\r\n\t\t\t\t\t\t\t\t\t<img decoding=\"async\" src=\"https:\/\/haciendareallosolivos.com\/wp1\/wp-content\/uploads\/2017\/01\/MG_7288.jpg\" class=\"gall-img-responsive\" alt=\"\">\r\n\t\t\t\t\t\t\t\t\t<div class=\"b-wrapper\">\r\n\t\t\t\t\t\t\t\t\t\t<p class=\"b-from-right b-animate b-delay03\">\r\n\t\t\t\t\t\t\t\t\t\t\t\t\t\t\t\t\t\t\t\t\t\t\t<a title=\"\"  href=\"https:\/\/haciendareallosolivos.com\/wp1\/wp-content\/uploads\/2017\/01\/MG_7288.jpg\">\r\n\t\t\t\t\t\t\t\t\t\t\t\t\t<i class=\"fa fa-camera fa-3x\"><\/i>\r\n\t\t\t\t\t\t\t\t\t\t\t\t\t<img decoding=\"async\" src=\"https:\/\/haciendareallosolivos.com\/wp1\/wp-content\/uploads\/2017\/01\/MG_7288.jpg\" class=\"gall-img-responsive\" style=\"display:none !important; visibility:hidden\" alt=\"\">\r\n\t\t\t\t\t\t\t\t\t\t\t\t<\/a>\r\n\t\t\t\t\t\t\t\t\t\t\t\t\t\t\t\t\t\t\t\t\t\t<\/p>\r\n\t\t\t\t\t\t\t\t\t<\/div>\r\n\t\t\t\t\t\t\t\t<\/div>\t\r\n\t\t\t\t\t\t\t\t\t\t\t\t\t\t\t\t\t\r\n\t\t\t\t\t\t\t\t\r\n\t\t\t\t\t\t\t\t<!--Gallery Label-->\r\n\t\t\t\t\t\t\t\t\t\t\t\t\t\t\t<\/div>\r\n\t\t\t\t\t\t<\/div>\r\n\t\t\t\t\t\t\t\t\t\t\t\t<div class=\"col-md-4 col-sm-6 wl-gallery\" >\r\n\t\t\t\t\t\t\t<div class=\"img-box-shadow\">\r\n\t\t\t\t\t\t\t\t\t\t\t\t\t\t\t<div class=\"b-link-stripe b-animate-go\">\r\n\t\t\t\t\t\t\t\t\r\n\t\t\t\t\t\t\t\t\t<img decoding=\"async\" src=\"https:\/\/haciendareallosolivos.com\/wp1\/wp-content\/uploads\/2017\/01\/Enlaces-en-nuestros-Jardines-1.jpg\" class=\"gall-img-responsive\" alt=\"\">\r\n\t\t\t\t\t\t\t\t\t<div class=\"b-wrapper\">\r\n\t\t\t\t\t\t\t\t\t\t<p class=\"b-from-right b-animate b-delay03\">\r\n\t\t\t\t\t\t\t\t\t\t\t\t\t\t\t\t\t\t\t\t\t\t\t<a title=\"\"  href=\"https:\/\/haciendareallosolivos.com\/wp1\/wp-content\/uploads\/2017\/01\/Enlaces-en-nuestros-Jardines-1.jpg\">\r\n\t\t\t\t\t\t\t\t\t\t\t\t\t<i class=\"fa fa-camera fa-3x\"><\/i>\r\n\t\t\t\t\t\t\t\t\t\t\t\t\t<img decoding=\"async\" src=\"https:\/\/haciendareallosolivos.com\/wp1\/wp-content\/uploads\/2017\/01\/Enlaces-en-nuestros-Jardines-1.jpg\" class=\"gall-img-responsive\" style=\"display:none !important; visibility:hidden\" alt=\"\">\r\n\t\t\t\t\t\t\t\t\t\t\t\t<\/a>\r\n\t\t\t\t\t\t\t\t\t\t\t\t\t\t\t\t\t\t\t\t\t\t<\/p>\r\n\t\t\t\t\t\t\t\t\t<\/div>\r\n\t\t\t\t\t\t\t\t<\/div>\t\r\n\t\t\t\t\t\t\t\t\t\t\t\t\t\t\t\t\t\r\n\t\t\t\t\t\t\t\t\r\n\t\t\t\t\t\t\t\t<!--Gallery Label-->\r\n\t\t\t\t\t\t\t\t\t\t\t\t\t\t\t<\/div>\r\n\t\t\t\t\t\t<\/div>\r\n\t\t\t\t\t\t\t\t\t\t\t\t<div class=\"col-md-4 col-sm-6 wl-gallery\" >\r\n\t\t\t\t\t\t\t<div class=\"img-box-shadow\">\r\n\t\t\t\t\t\t\t\t\t\t\t\t\t\t\t<div class=\"b-link-stripe b-animate-go\">\r\n\t\t\t\t\t\t\t\t\r\n\t\t\t\t\t\t\t\t\t<img decoding=\"async\" src=\"https:\/\/haciendareallosolivos.com\/wp1\/wp-content\/uploads\/2017\/01\/MG_7306.jpg\" class=\"gall-img-responsive\" alt=\"\">\r\n\t\t\t\t\t\t\t\t\t<div class=\"b-wrapper\">\r\n\t\t\t\t\t\t\t\t\t\t<p class=\"b-from-right b-animate b-delay03\">\r\n\t\t\t\t\t\t\t\t\t\t\t\t\t\t\t\t\t\t\t\t\t\t\t<a title=\"\"  href=\"https:\/\/haciendareallosolivos.com\/wp1\/wp-content\/uploads\/2017\/01\/MG_7306.jpg\">\r\n\t\t\t\t\t\t\t\t\t\t\t\t\t<i class=\"fa fa-camera fa-3x\"><\/i>\r\n\t\t\t\t\t\t\t\t\t\t\t\t\t<img decoding=\"async\" src=\"https:\/\/haciendareallosolivos.com\/wp1\/wp-content\/uploads\/2017\/01\/MG_7306.jpg\" class=\"gall-img-responsive\" style=\"display:none !important; visibility:hidden\" alt=\"\">\r\n\t\t\t\t\t\t\t\t\t\t\t\t<\/a>\r\n\t\t\t\t\t\t\t\t\t\t\t\t\t\t\t\t\t\t\t\t\t\t<\/p>\r\n\t\t\t\t\t\t\t\t\t<\/div>\r\n\t\t\t\t\t\t\t\t<\/div>\t\r\n\t\t\t\t\t\t\t\t\t\t\t\t\t\t\t\t\t\r\n\t\t\t\t\t\t\t\t\r\n\t\t\t\t\t\t\t\t<!--Gallery Label-->\r\n\t\t\t\t\t\t\t\t\t\t\t\t\t\t\t<\/div>\r\n\t\t\t\t\t\t<\/div>\r\n\t\t\t\t\t\t\t\t\t\t\t\t<div class=\"col-md-4 col-sm-6 wl-gallery\" >\r\n\t\t\t\t\t\t\t<div class=\"img-box-shadow\">\r\n\t\t\t\t\t\t\t\t\t\t\t\t\t\t\t<div class=\"b-link-stripe b-animate-go\">\r\n\t\t\t\t\t\t\t\t\r\n\t\t\t\t\t\t\t\t\t<img decoding=\"async\" src=\"https:\/\/haciendareallosolivos.com\/wp1\/wp-content\/uploads\/2017\/01\/Boda-Civil-en-plaza-principal.jpg\" class=\"gall-img-responsive\" alt=\"\">\r\n\t\t\t\t\t\t\t\t\t<div class=\"b-wrapper\">\r\n\t\t\t\t\t\t\t\t\t\t<p class=\"b-from-right b-animate b-delay03\">\r\n\t\t\t\t\t\t\t\t\t\t\t\t\t\t\t\t\t\t\t\t\t\t\t<a title=\"\"  href=\"https:\/\/haciendareallosolivos.com\/wp1\/wp-content\/uploads\/2017\/01\/Boda-Civil-en-plaza-principal.jpg\">\r\n\t\t\t\t\t\t\t\t\t\t\t\t\t<i class=\"fa fa-camera fa-3x\"><\/i>\r\n\t\t\t\t\t\t\t\t\t\t\t\t\t<img decoding=\"async\" src=\"https:\/\/haciendareallosolivos.com\/wp1\/wp-content\/uploads\/2017\/01\/Boda-Civil-en-plaza-principal.jpg\" class=\"gall-img-responsive\" style=\"display:none !important; visibility:hidden\" alt=\"\">\r\n\t\t\t\t\t\t\t\t\t\t\t\t<\/a>\r\n\t\t\t\t\t\t\t\t\t\t\t\t\t\t\t\t\t\t\t\t\t\t<\/p>\r\n\t\t\t\t\t\t\t\t\t<\/div>\r\n\t\t\t\t\t\t\t\t<\/div>\t\r\n\t\t\t\t\t\t\t\t\t\t\t\t\t\t\t\t\t\r\n\t\t\t\t\t\t\t\t\r\n\t\t\t\t\t\t\t\t<!--Gallery Label-->\r\n\t\t\t\t\t\t\t\t\t\t\t\t\t\t\t<\/div>\r\n\t\t\t\t\t\t<\/div>\r\n\t\t\t\t\t\t\t\t\t\t\t\t<div class=\"col-md-4 col-sm-6 wl-gallery\" >\r\n\t\t\t\t\t\t\t<div class=\"img-box-shadow\">\r\n\t\t\t\t\t\t\t\t\t\t\t\t\t\t\t<div class=\"b-link-stripe b-animate-go\">\r\n\t\t\t\t\t\t\t\t\r\n\t\t\t\t\t\t\t\t\t<img decoding=\"async\" src=\"https:\/\/haciendareallosolivos.com\/wp1\/wp-content\/uploads\/2017\/01\/SAM_5786.jpg\" class=\"gall-img-responsive\" alt=\"\">\r\n\t\t\t\t\t\t\t\t\t<div class=\"b-wrapper\">\r\n\t\t\t\t\t\t\t\t\t\t<p class=\"b-from-right b-animate b-delay03\">\r\n\t\t\t\t\t\t\t\t\t\t\t\t\t\t\t\t\t\t\t\t\t\t\t<a title=\"\"  href=\"https:\/\/haciendareallosolivos.com\/wp1\/wp-content\/uploads\/2017\/01\/SAM_5786.jpg\">\r\n\t\t\t\t\t\t\t\t\t\t\t\t\t<i class=\"fa fa-camera fa-3x\"><\/i>\r\n\t\t\t\t\t\t\t\t\t\t\t\t\t<img decoding=\"async\" src=\"https:\/\/haciendareallosolivos.com\/wp1\/wp-content\/uploads\/2017\/01\/SAM_5786.jpg\" class=\"gall-img-responsive\" style=\"display:none !important; visibility:hidden\" alt=\"\">\r\n\t\t\t\t\t\t\t\t\t\t\t\t<\/a>\r\n\t\t\t\t\t\t\t\t\t\t\t\t\t\t\t\t\t\t\t\t\t\t<\/p>\r\n\t\t\t\t\t\t\t\t\t<\/div>\r\n\t\t\t\t\t\t\t\t<\/div>\t\r\n\t\t\t\t\t\t\t\t\t\t\t\t\t\t\t\t\t\r\n\t\t\t\t\t\t\t\t\r\n\t\t\t\t\t\t\t\t<!--Gallery Label-->\r\n\t\t\t\t\t\t\t\t\t\t\t\t\t\t\t<\/div>\r\n\t\t\t\t\t\t<\/div>\r\n\t\t\t\t\t\t\t\t\t\t\t\t<div class=\"col-md-4 col-sm-6 wl-gallery\" >\r\n\t\t\t\t\t\t\t<div class=\"img-box-shadow\">\r\n\t\t\t\t\t\t\t\t\t\t\t\t\t\t\t<div class=\"b-link-stripe b-animate-go\">\r\n\t\t\t\t\t\t\t\t\r\n\t\t\t\t\t\t\t\t\t<img decoding=\"async\" src=\"https:\/\/haciendareallosolivos.com\/wp1\/wp-content\/uploads\/2017\/01\/SAM0307-Editar-Editar.jpg\" class=\"gall-img-responsive\" alt=\"\">\r\n\t\t\t\t\t\t\t\t\t<div class=\"b-wrapper\">\r\n\t\t\t\t\t\t\t\t\t\t<p class=\"b-from-right b-animate b-delay03\">\r\n\t\t\t\t\t\t\t\t\t\t\t\t\t\t\t\t\t\t\t\t\t\t\t<a title=\"\"  href=\"https:\/\/haciendareallosolivos.com\/wp1\/wp-content\/uploads\/2017\/01\/SAM0307-Editar-Editar.jpg\">\r\n\t\t\t\t\t\t\t\t\t\t\t\t\t<i class=\"fa fa-camera fa-3x\"><\/i>\r\n\t\t\t\t\t\t\t\t\t\t\t\t\t<img decoding=\"async\" src=\"https:\/\/haciendareallosolivos.com\/wp1\/wp-content\/uploads\/2017\/01\/SAM0307-Editar-Editar.jpg\" class=\"gall-img-responsive\" style=\"display:none !important; visibility:hidden\" alt=\"\">\r\n\t\t\t\t\t\t\t\t\t\t\t\t<\/a>\r\n\t\t\t\t\t\t\t\t\t\t\t\t\t\t\t\t\t\t\t\t\t\t<\/p>\r\n\t\t\t\t\t\t\t\t\t<\/div>\r\n\t\t\t\t\t\t\t\t<\/div>\t\r\n\t\t\t\t\t\t\t\t\t\t\t\t\t\t\t\t\t\r\n\t\t\t\t\t\t\t\t\r\n\t\t\t\t\t\t\t\t<!--Gallery Label-->\r\n\t\t\t\t\t\t\t\t\t\t\t\t\t\t\t<\/div>\r\n\t\t\t\t\t\t<\/div>\r\n\t\t\t\t\t\t\t\t\t\t\t\t<div class=\"col-md-4 col-sm-6 wl-gallery\" >\r\n\t\t\t\t\t\t\t<div class=\"img-box-shadow\">\r\n\t\t\t\t\t\t\t\t\t\t\t\t\t\t\t<div class=\"b-link-stripe b-animate-go\">\r\n\t\t\t\t\t\t\t\t\r\n\t\t\t\t\t\t\t\t\t<img decoding=\"async\" src=\"https:\/\/haciendareallosolivos.com\/wp1\/wp-content\/uploads\/2017\/01\/IMG_3407.jpg\" class=\"gall-img-responsive\" alt=\"\">\r\n\t\t\t\t\t\t\t\t\t<div class=\"b-wrapper\">\r\n\t\t\t\t\t\t\t\t\t\t<p class=\"b-from-right b-animate b-delay03\">\r\n\t\t\t\t\t\t\t\t\t\t\t\t\t\t\t\t\t\t\t\t\t\t\t<a title=\"\"  href=\"https:\/\/haciendareallosolivos.com\/wp1\/wp-content\/uploads\/2017\/01\/IMG_3407.jpg\">\r\n\t\t\t\t\t\t\t\t\t\t\t\t\t<i class=\"fa fa-camera fa-3x\"><\/i>\r\n\t\t\t\t\t\t\t\t\t\t\t\t\t<img decoding=\"async\" src=\"https:\/\/haciendareallosolivos.com\/wp1\/wp-content\/uploads\/2017\/01\/IMG_3407.jpg\" class=\"gall-img-responsive\" style=\"display:none !important; visibility:hidden\" alt=\"\">\r\n\t\t\t\t\t\t\t\t\t\t\t\t<\/a>\r\n\t\t\t\t\t\t\t\t\t\t\t\t\t\t\t\t\t\t\t\t\t\t<\/p>\r\n\t\t\t\t\t\t\t\t\t<\/div>\r\n\t\t\t\t\t\t\t\t<\/div>\t\r\n\t\t\t\t\t\t\t\t\t\t\t\t\t\t\t\t\t\r\n\t\t\t\t\t\t\t\t\r\n\t\t\t\t\t\t\t\t<!--Gallery Label-->\r\n\t\t\t\t\t\t\t\t\t\t\t\t\t\t\t<\/div>\r\n\t\t\t\t\t\t<\/div>\r\n\t\t\t\t\t\t\t\t\t\t<\/div>\r\n\t\t\t\t\r\n\t\t    <\/div>\r\n\r\n\t<!-- Photo box-->\r\n        <script>\r\n\t\tjQuery(document).ready(function() {\r\n\t\t\tjQuery('.photobox-lightbox').photobox('a');\r\n\t\t\t\/\/ or with a fancier selector and some settings, and a callback:\r\n\t\t\tjQuery('.photobox-lightbox').photobox('a:first', { thumbs:false, time:0 });\r\n\t\t});\r\n    <\/script>\r\n    \t\r\n\t\r\n\t<!-- Swipe Box-->\r\n\t\t\r\n\t<!-- Ion box-->\r\n\t\t\r\n\t\r\n\t<!-- Fancy box-->\r\n\t\t\t\r\n        \n","protected":false},"excerpt":{"rendered":"<p>El d\u00eda comienza aqu\u00ed, Imagina una ceremonia rom\u00e1ntica, la alfombra roja, el pasillo y las flores; imagina dar el s\u00ed quiero en un lugar id\u00edlico pintado con el azul del cielo y el verde de sus jardines, imagina el sonido [&hellip;]<\/p>\n","protected":false},"author":3,"featured_media":0,"parent":627,"menu_order":0,"comment_status":"closed","ping_status":"closed","template":"","meta":{"footnotes":""},"class_list":["post-170","page","type-page","status-publish","hentry"],"_links":{"self":[{"href":"https:\/\/haciendareallosolivos.com\/wp1\/wp-json\/wp\/v2\/pages\/170","targetHints":{"allow":["GET"]}}],"collection":[{"href":"https:\/\/haciendareallosolivos.com\/wp1\/wp-json\/wp\/v2\/pages"}],"about":[{"href":"https:\/\/haciendareallosolivos.com\/wp1\/wp-json\/wp\/v2\/types\/page"}],"author":[{"embeddable":true,"href":"https:\/\/haciendareallosolivos.com\/wp1\/wp-json\/wp\/v2\/users\/3"}],"replies":[{"embeddable":true,"href":"https:\/\/haciendareallosolivos.com\/wp1\/wp-json\/wp\/v2\/comments?post=170"}],"version-history":[{"count":12,"href":"https:\/\/haciendareallosolivos.com\/wp1\/wp-json\/wp\/v2\/pages\/170\/revisions"}],"predecessor-version":[{"id":797,"href":"https:\/\/haciendareallosolivos.com\/wp1\/wp-json\/wp\/v2\/pages\/170\/revisions\/797"}],"up":[{"embeddable":true,"href":"https:\/\/haciendareallosolivos.com\/wp1\/wp-json\/wp\/v2\/pages\/627"}],"wp:attachment":[{"href":"https:\/\/haciendareallosolivos.com\/wp1\/wp-json\/wp\/v2\/media?parent=170"}],"curies":[{"name":"wp","href":"https:\/\/api.w.org\/{rel}","templated":true}]}}