{"id":207,"date":"2016-04-22T09:12:15","date_gmt":"2016-04-22T08:12:15","guid":{"rendered":"http:\/\/haciendareallosolivos.com\/wp1\/?page_id=207"},"modified":"2017-01-26T12:42:34","modified_gmt":"2017-01-26T11:42:34","slug":"eventos-empresariales","status":"publish","type":"page","link":"https:\/\/haciendareallosolivos.com\/wp1\/eventos\/eventos-empresariales\/","title":{"rendered":"Eventos Empresariales"},"content":{"rendered":"<p><strong><em><span style=\"color: #808000;\">Profesionalidad,<\/span><\/em><\/strong><\/p>\n<p style=\"text-align: left;\">La excelencia en el trabajo es el punto de partida de todo lo que hacemos. Nuestro compromiso se centra en superar las expectativas de nuestros clientes siempre con originalidad, flexibilidad y\u00a0calidad como pilares de nuestra filosof\u00eda y personalidad.<\/p>\n<p style=\"text-align: left;\">Somos una elecci\u00f3n diferente para la celebraci\u00f3n de cualquier evento empresarial. Nuestras instalaciones presentan un marco incomparable, original y diferente. Un lugar capaz de innovar;<br \/>\nde crear ambientes nuevos y sorprendentes. Un entorno \u00fanico para hacer de cada evento un acontecimiento distinguido.<br \/>\nDestacamos por nuestra flexibilidad y capacidad para adaptarnos a cada cliente, a la personalidad de su empresa y a las necesidades particulares de cada evento. As\u00ed, nuestros<br \/>\nespacios son vers\u00e1tiles y funcionales capaces de adaptarse al n\u00famero de asistentes, igual que nuestra cocina y dem\u00e1s servicios en los que contamos con un amplio margen de actuaci\u00f3n.<\/p>\n<p style=\"text-align: left;\">La excelencia en el trato y en el servicio impregna cada rinc\u00f3n de nuestra Hacienda. La calidad de cada sabor y de cada detalle son la marca de nuestra identidad y la ilusi\u00f3n de nuestro trabajo.<\/p>\n<p>&nbsp;<\/p>\n\t\r\n    <script src=\"http:\/\/ajax.googleapis.com\/ajax\/libs\/webfont\/1\/webfont.js\"><\/script>\r\n    <script type=\"text\/javascript\">\r\n\tWebFont.load({\r\n\t\tgoogle: {\r\n\t\tfamilies: ['Arial'] \/\/ saved value\r\n\t\t}\r\n\t});\r\n    <\/script>\r\n\r\n    <style>\r\n    #lbsp_586 .b-link-fade .b-wrapper,#lbsp_586 .b-link-fade .b-top-line{\r\n        background: rgba(52, 107, 27, 0.5);\r\n    }\r\n    #lbsp_586 .b-link-flow .b-wrapper,#lbsp_586 .b-link-flow .b-top-line{\r\n        background: rgba(52, 107, 27, 0.5);\r\n    }\r\n    #lbsp_586 .b-link-stroke .b-top-line{\r\n        background: rgba(52, 107, 27, 0.5);\r\n    }\r\n    #lbsp_586 .b-link-stroke .b-bottom-line{\r\n        background: rgba(52, 107, 27, 0.5);\r\n    }\r\n\r\n    #lbsp_586 .b-link-box .b-top-line{\r\n\r\n        border: 16px solid rgba(52, 107, 27, 0.5);\r\n    }\r\n    #lbsp_586 .b-link-box .b-bottom-line{\r\n        background: rgba(52, 107, 27, 0.5);\r\n    }\r\n    #lbsp_586 .b-link-stripe .b-line{\r\n        background: rgba(52, 107, 27, 0.5);\r\n    }\r\n    #lbsp_586 .b-link-apart-horisontal .b-top-line,#lbsp_586 .b-link-apart-horisontal .b-top-line-up{\r\n        background: rgba(52, 107, 27, 0.5);\r\n\r\n    }\r\n    #lbsp_586 .b-link-apart-horisontal .b-bottom-line,#lbsp_586 .b-link-apart-horisontal .b-bottom-line-up{\r\n        background: rgba(52, 107, 27, 0.5);\r\n    }\r\n    #lbsp_586 .b-link-apart-vertical .b-top-line,#lbsp_586 .b-link-apart-vertical .b-top-line-up{\r\n        background: rgba(52, 107, 27, 0.5);\r\n    }\r\n    #lbsp_586 .b-link-apart-vertical .b-bottom-line,#lbsp_586 .b-link-apart-vertical .b-bottom-line-up{\r\n        background: rgba(52, 107, 27, 0.5);\r\n    }\r\n    #lbsp_586 .b-link-diagonal .b-line{\r\n        background: rgba(52, 107, 27, 0.5);\r\n    }\r\n\r\n    #lbsp_586 .b-wrapper{\r\n        font-family:Arial; \/\/ real name pass here\r\n    }\r\n\t@media (min-width: 992px){\r\n\t\t#lbsp_586 .col-md-6 {\r\n\t\t\twidth: 49.97% !important;\r\n\t\t}\r\n\t\t#lbsp_586 .col-md-4 {\r\n\t\t\twidth: 33.30% !important;\r\n\t\t}\r\n\t\t#lbsp_586 .col-md-3 {\r\n\t\t\twidth: 24.90% !important;\r\n\t\t}\r\n\t\t#lbsp_586 .col-md-2 {\r\n\t\t\twidth: 16.60% !important;\r\n\t\t}\r\n\t}\r\n\timg {\r\n\t\tmax-width:1920px !important;\r\n\t}\r\n\t\r\n\t#lbsp_586 .lbsp_home_portfolio_caption{\r\n\t\tbackground:#FFFFFF;\r\n\t}\r\n\t#lbsp_586 .lbsp_home_portfolio_caption h3{\r\n\t\tcolor:#000000;\r\n\t}\r\n\t#lbsp_586 .fa{\r\n\t\tcolor:#FFFFFF!important;\r\n\t}\r\n\t\t#lbsp_586 .img-box-shadow{\r\n\t\tbox-shadow: 0 0 6px rgba(0,0,0,.7);\r\n\t}\r\n\t\t\r\n\t    <\/style>\r\n\r\n    \r\n    <div  class=\"gal-container photobox-lightbox\" id=\"lbsp_586\">\r\n\t\t\t\t\t<!--get the post id-->\r\n\t\t\t\t\t\t\r\n\t\t\t\t<!--Gallery Title-->\r\n\t\t\t\t\t\t\t\t\r\n\t\t\t\t<div class=\"gallery1\">\r\n\t\t\t\t\t\t\t\t\t\t\t<div class=\"col-md-4 col-sm-6 wl-gallery\" >\r\n\t\t\t\t\t\t\t<div class=\"img-box-shadow\">\r\n\t\t\t\t\t\t\t\t\t\t\t\t\t\t\t<div class=\"b-link-stripe b-animate-go\">\r\n\t\t\t\t\t\t\t\t\r\n\t\t\t\t\t\t\t\t\t<img decoding=\"async\" src=\"https:\/\/haciendareallosolivos.com\/wp1\/wp-content\/uploads\/2017\/01\/Capacidad-Salones.jpg\" class=\"gall-img-responsive\" alt=\"\">\r\n\t\t\t\t\t\t\t\t\t<div class=\"b-wrapper\">\r\n\t\t\t\t\t\t\t\t\t\t<p class=\"b-from-right b-animate b-delay03\">\r\n\t\t\t\t\t\t\t\t\t\t\t\t\t\t\t\t\t\t\t\t\t\t\t<a title=\"\"  href=\"https:\/\/haciendareallosolivos.com\/wp1\/wp-content\/uploads\/2017\/01\/Capacidad-Salones.jpg\">\r\n\t\t\t\t\t\t\t\t\t\t\t\t\t<i class=\"fa fa-camera fa-3x\"><\/i>\r\n\t\t\t\t\t\t\t\t\t\t\t\t\t<img decoding=\"async\" src=\"https:\/\/haciendareallosolivos.com\/wp1\/wp-content\/uploads\/2017\/01\/Capacidad-Salones.jpg\" class=\"gall-img-responsive\" style=\"display:none !important; visibility:hidden\" alt=\"\">\r\n\t\t\t\t\t\t\t\t\t\t\t\t<\/a>\r\n\t\t\t\t\t\t\t\t\t\t\t\t\t\t\t\t\t\t\t\t\t\t<\/p>\r\n\t\t\t\t\t\t\t\t\t<\/div>\r\n\t\t\t\t\t\t\t\t<\/div>\t\r\n\t\t\t\t\t\t\t\t\t\t\t\t\t\t\t\t\t\r\n\t\t\t\t\t\t\t\t\r\n\t\t\t\t\t\t\t\t<!--Gallery Label-->\r\n\t\t\t\t\t\t\t\t\t\t\t\t\t\t\t<\/div>\r\n\t\t\t\t\t\t<\/div>\r\n\t\t\t\t\t\t\t\t\t\t\t\t<div class=\"col-md-4 col-sm-6 wl-gallery\" >\r\n\t\t\t\t\t\t\t<div class=\"img-box-shadow\">\r\n\t\t\t\t\t\t\t\t\t\t\t\t\t\t\t<div class=\"b-link-stripe b-animate-go\">\r\n\t\t\t\t\t\t\t\t\r\n\t\t\t\t\t\t\t\t\t<img decoding=\"async\" src=\"https:\/\/haciendareallosolivos.com\/wp1\/wp-content\/uploads\/2017\/01\/Salones-Hotel-1.jpg\" class=\"gall-img-responsive\" alt=\"\">\r\n\t\t\t\t\t\t\t\t\t<div class=\"b-wrapper\">\r\n\t\t\t\t\t\t\t\t\t\t<p class=\"b-from-right b-animate b-delay03\">\r\n\t\t\t\t\t\t\t\t\t\t\t\t\t\t\t\t\t\t\t\t\t\t\t<a title=\"\"  href=\"https:\/\/haciendareallosolivos.com\/wp1\/wp-content\/uploads\/2017\/01\/Salones-Hotel-1.jpg\">\r\n\t\t\t\t\t\t\t\t\t\t\t\t\t<i class=\"fa fa-camera fa-3x\"><\/i>\r\n\t\t\t\t\t\t\t\t\t\t\t\t\t<img decoding=\"async\" src=\"https:\/\/haciendareallosolivos.com\/wp1\/wp-content\/uploads\/2017\/01\/Salones-Hotel-1.jpg\" class=\"gall-img-responsive\" style=\"display:none !important; visibility:hidden\" alt=\"\">\r\n\t\t\t\t\t\t\t\t\t\t\t\t<\/a>\r\n\t\t\t\t\t\t\t\t\t\t\t\t\t\t\t\t\t\t\t\t\t\t<\/p>\r\n\t\t\t\t\t\t\t\t\t<\/div>\r\n\t\t\t\t\t\t\t\t<\/div>\t\r\n\t\t\t\t\t\t\t\t\t\t\t\t\t\t\t\t\t\r\n\t\t\t\t\t\t\t\t\r\n\t\t\t\t\t\t\t\t<!--Gallery Label-->\r\n\t\t\t\t\t\t\t\t\t\t\t\t\t\t\t<\/div>\r\n\t\t\t\t\t\t<\/div>\r\n\t\t\t\t\t\t\t\t\t\t\t\t<div class=\"col-md-4 col-sm-6 wl-gallery\" >\r\n\t\t\t\t\t\t\t<div class=\"img-box-shadow\">\r\n\t\t\t\t\t\t\t\t\t\t\t\t\t\t\t<div class=\"b-link-stripe b-animate-go\">\r\n\t\t\t\t\t\t\t\t\r\n\t\t\t\t\t\t\t\t\t<img decoding=\"async\" src=\"https:\/\/haciendareallosolivos.com\/wp1\/wp-content\/uploads\/2017\/01\/Sal\u00f3n-Convenciones.jpg\" class=\"gall-img-responsive\" alt=\"\">\r\n\t\t\t\t\t\t\t\t\t<div class=\"b-wrapper\">\r\n\t\t\t\t\t\t\t\t\t\t<p class=\"b-from-right b-animate b-delay03\">\r\n\t\t\t\t\t\t\t\t\t\t\t\t\t\t\t\t\t\t\t\t\t\t\t<a title=\"\"  href=\"https:\/\/haciendareallosolivos.com\/wp1\/wp-content\/uploads\/2017\/01\/Sal\u00f3n-Convenciones.jpg\">\r\n\t\t\t\t\t\t\t\t\t\t\t\t\t<i class=\"fa fa-camera fa-3x\"><\/i>\r\n\t\t\t\t\t\t\t\t\t\t\t\t\t<img decoding=\"async\" src=\"https:\/\/haciendareallosolivos.com\/wp1\/wp-content\/uploads\/2017\/01\/Sal\u00f3n-Convenciones.jpg\" class=\"gall-img-responsive\" style=\"display:none !important; visibility:hidden\" alt=\"\">\r\n\t\t\t\t\t\t\t\t\t\t\t\t<\/a>\r\n\t\t\t\t\t\t\t\t\t\t\t\t\t\t\t\t\t\t\t\t\t\t<\/p>\r\n\t\t\t\t\t\t\t\t\t<\/div>\r\n\t\t\t\t\t\t\t\t<\/div>\t\r\n\t\t\t\t\t\t\t\t\t\t\t\t\t\t\t\t\t\r\n\t\t\t\t\t\t\t\t\r\n\t\t\t\t\t\t\t\t<!--Gallery Label-->\r\n\t\t\t\t\t\t\t\t\t\t\t\t\t\t\t<\/div>\r\n\t\t\t\t\t\t<\/div>\r\n\t\t\t\t\t\t\t\t\t\t\t\t<div class=\"col-md-4 col-sm-6 wl-gallery\" >\r\n\t\t\t\t\t\t\t<div class=\"img-box-shadow\">\r\n\t\t\t\t\t\t\t\t\t\t\t\t\t\t\t<div class=\"b-link-stripe b-animate-go\">\r\n\t\t\t\t\t\t\t\t\r\n\t\t\t\t\t\t\t\t\t<img decoding=\"async\" src=\"https:\/\/haciendareallosolivos.com\/wp1\/wp-content\/uploads\/2017\/01\/SAM0498.jpg\" class=\"gall-img-responsive\" alt=\"\">\r\n\t\t\t\t\t\t\t\t\t<div class=\"b-wrapper\">\r\n\t\t\t\t\t\t\t\t\t\t<p class=\"b-from-right b-animate b-delay03\">\r\n\t\t\t\t\t\t\t\t\t\t\t\t\t\t\t\t\t\t\t\t\t\t\t<a title=\"\"  href=\"https:\/\/haciendareallosolivos.com\/wp1\/wp-content\/uploads\/2017\/01\/SAM0498.jpg\">\r\n\t\t\t\t\t\t\t\t\t\t\t\t\t<i class=\"fa fa-camera fa-3x\"><\/i>\r\n\t\t\t\t\t\t\t\t\t\t\t\t\t<img decoding=\"async\" src=\"https:\/\/haciendareallosolivos.com\/wp1\/wp-content\/uploads\/2017\/01\/SAM0498.jpg\" class=\"gall-img-responsive\" style=\"display:none !important; visibility:hidden\" alt=\"\">\r\n\t\t\t\t\t\t\t\t\t\t\t\t<\/a>\r\n\t\t\t\t\t\t\t\t\t\t\t\t\t\t\t\t\t\t\t\t\t\t<\/p>\r\n\t\t\t\t\t\t\t\t\t<\/div>\r\n\t\t\t\t\t\t\t\t<\/div>\t\r\n\t\t\t\t\t\t\t\t\t\t\t\t\t\t\t\t\t\r\n\t\t\t\t\t\t\t\t\r\n\t\t\t\t\t\t\t\t<!--Gallery Label-->\r\n\t\t\t\t\t\t\t\t\t\t\t\t\t\t\t<\/div>\r\n\t\t\t\t\t\t<\/div>\r\n\t\t\t\t\t\t\t\t\t\t\t\t<div class=\"col-md-4 col-sm-6 wl-gallery\" >\r\n\t\t\t\t\t\t\t<div class=\"img-box-shadow\">\r\n\t\t\t\t\t\t\t\t\t\t\t\t\t\t\t<div class=\"b-link-stripe b-animate-go\">\r\n\t\t\t\t\t\t\t\t\r\n\t\t\t\t\t\t\t\t\t<img decoding=\"async\" src=\"https:\/\/haciendareallosolivos.com\/wp1\/wp-content\/uploads\/2017\/01\/SAM0831.jpg\" class=\"gall-img-responsive\" alt=\"\">\r\n\t\t\t\t\t\t\t\t\t<div class=\"b-wrapper\">\r\n\t\t\t\t\t\t\t\t\t\t<p class=\"b-from-right b-animate b-delay03\">\r\n\t\t\t\t\t\t\t\t\t\t\t\t\t\t\t\t\t\t\t\t\t\t\t<a title=\"\"  href=\"https:\/\/haciendareallosolivos.com\/wp1\/wp-content\/uploads\/2017\/01\/SAM0831.jpg\">\r\n\t\t\t\t\t\t\t\t\t\t\t\t\t<i class=\"fa fa-camera fa-3x\"><\/i>\r\n\t\t\t\t\t\t\t\t\t\t\t\t\t<img decoding=\"async\" src=\"https:\/\/haciendareallosolivos.com\/wp1\/wp-content\/uploads\/2017\/01\/SAM0831.jpg\" class=\"gall-img-responsive\" style=\"display:none !important; visibility:hidden\" alt=\"\">\r\n\t\t\t\t\t\t\t\t\t\t\t\t<\/a>\r\n\t\t\t\t\t\t\t\t\t\t\t\t\t\t\t\t\t\t\t\t\t\t<\/p>\r\n\t\t\t\t\t\t\t\t\t<\/div>\r\n\t\t\t\t\t\t\t\t<\/div>\t\r\n\t\t\t\t\t\t\t\t\t\t\t\t\t\t\t\t\t\r\n\t\t\t\t\t\t\t\t\r\n\t\t\t\t\t\t\t\t<!--Gallery Label-->\r\n\t\t\t\t\t\t\t\t\t\t\t\t\t\t\t<\/div>\r\n\t\t\t\t\t\t<\/div>\r\n\t\t\t\t\t\t\t\t\t\t\t\t<div class=\"col-md-4 col-sm-6 wl-gallery\" >\r\n\t\t\t\t\t\t\t<div class=\"img-box-shadow\">\r\n\t\t\t\t\t\t\t\t\t\t\t\t\t\t\t<div class=\"b-link-stripe b-animate-go\">\r\n\t\t\t\t\t\t\t\t\r\n\t\t\t\t\t\t\t\t\t<img decoding=\"async\" src=\"https:\/\/haciendareallosolivos.com\/wp1\/wp-content\/uploads\/2017\/01\/SAM0156-Editar.jpg\" class=\"gall-img-responsive\" alt=\"\">\r\n\t\t\t\t\t\t\t\t\t<div class=\"b-wrapper\">\r\n\t\t\t\t\t\t\t\t\t\t<p class=\"b-from-right b-animate b-delay03\">\r\n\t\t\t\t\t\t\t\t\t\t\t\t\t\t\t\t\t\t\t\t\t\t\t<a title=\"\"  href=\"https:\/\/haciendareallosolivos.com\/wp1\/wp-content\/uploads\/2017\/01\/SAM0156-Editar.jpg\">\r\n\t\t\t\t\t\t\t\t\t\t\t\t\t<i class=\"fa fa-camera fa-3x\"><\/i>\r\n\t\t\t\t\t\t\t\t\t\t\t\t\t<img decoding=\"async\" src=\"https:\/\/haciendareallosolivos.com\/wp1\/wp-content\/uploads\/2017\/01\/SAM0156-Editar.jpg\" class=\"gall-img-responsive\" style=\"display:none !important; visibility:hidden\" alt=\"\">\r\n\t\t\t\t\t\t\t\t\t\t\t\t<\/a>\r\n\t\t\t\t\t\t\t\t\t\t\t\t\t\t\t\t\t\t\t\t\t\t<\/p>\r\n\t\t\t\t\t\t\t\t\t<\/div>\r\n\t\t\t\t\t\t\t\t<\/div>\t\r\n\t\t\t\t\t\t\t\t\t\t\t\t\t\t\t\t\t\r\n\t\t\t\t\t\t\t\t\r\n\t\t\t\t\t\t\t\t<!--Gallery Label-->\r\n\t\t\t\t\t\t\t\t\t\t\t\t\t\t\t<\/div>\r\n\t\t\t\t\t\t<\/div>\r\n\t\t\t\t\t\t\t\t\t\t\t\t<div class=\"col-md-4 col-sm-6 wl-gallery\" >\r\n\t\t\t\t\t\t\t<div class=\"img-box-shadow\">\r\n\t\t\t\t\t\t\t\t\t\t\t\t\t\t\t<div class=\"b-link-stripe b-animate-go\">\r\n\t\t\t\t\t\t\t\t\r\n\t\t\t\t\t\t\t\t\t<img decoding=\"async\" src=\"https:\/\/haciendareallosolivos.com\/wp1\/wp-content\/uploads\/2017\/01\/SAM0820-Editar.jpg\" class=\"gall-img-responsive\" alt=\"\">\r\n\t\t\t\t\t\t\t\t\t<div class=\"b-wrapper\">\r\n\t\t\t\t\t\t\t\t\t\t<p class=\"b-from-right b-animate b-delay03\">\r\n\t\t\t\t\t\t\t\t\t\t\t\t\t\t\t\t\t\t\t\t\t\t\t<a title=\"\"  href=\"https:\/\/haciendareallosolivos.com\/wp1\/wp-content\/uploads\/2017\/01\/SAM0820-Editar.jpg\">\r\n\t\t\t\t\t\t\t\t\t\t\t\t\t<i class=\"fa fa-camera fa-3x\"><\/i>\r\n\t\t\t\t\t\t\t\t\t\t\t\t\t<img decoding=\"async\" src=\"https:\/\/haciendareallosolivos.com\/wp1\/wp-content\/uploads\/2017\/01\/SAM0820-Editar.jpg\" class=\"gall-img-responsive\" style=\"display:none !important; visibility:hidden\" alt=\"\">\r\n\t\t\t\t\t\t\t\t\t\t\t\t<\/a>\r\n\t\t\t\t\t\t\t\t\t\t\t\t\t\t\t\t\t\t\t\t\t\t<\/p>\r\n\t\t\t\t\t\t\t\t\t<\/div>\r\n\t\t\t\t\t\t\t\t<\/div>\t\r\n\t\t\t\t\t\t\t\t\t\t\t\t\t\t\t\t\t\r\n\t\t\t\t\t\t\t\t\r\n\t\t\t\t\t\t\t\t<!--Gallery Label-->\r\n\t\t\t\t\t\t\t\t\t\t\t\t\t\t\t<\/div>\r\n\t\t\t\t\t\t<\/div>\r\n\t\t\t\t\t\t\t\t\t\t\t\t<div class=\"col-md-4 col-sm-6 wl-gallery\" >\r\n\t\t\t\t\t\t\t<div class=\"img-box-shadow\">\r\n\t\t\t\t\t\t\t\t\t\t\t\t\t\t\t<div class=\"b-link-stripe b-animate-go\">\r\n\t\t\t\t\t\t\t\t\r\n\t\t\t\t\t\t\t\t\t<img decoding=\"async\" src=\"https:\/\/haciendareallosolivos.com\/wp1\/wp-content\/uploads\/2017\/01\/C\u00f3ctel-Lunch-Empresas.jpg\" class=\"gall-img-responsive\" alt=\"\">\r\n\t\t\t\t\t\t\t\t\t<div class=\"b-wrapper\">\r\n\t\t\t\t\t\t\t\t\t\t<p class=\"b-from-right b-animate b-delay03\">\r\n\t\t\t\t\t\t\t\t\t\t\t\t\t\t\t\t\t\t\t\t\t\t\t<a title=\"\"  href=\"https:\/\/haciendareallosolivos.com\/wp1\/wp-content\/uploads\/2017\/01\/C\u00f3ctel-Lunch-Empresas.jpg\">\r\n\t\t\t\t\t\t\t\t\t\t\t\t\t<i class=\"fa fa-camera fa-3x\"><\/i>\r\n\t\t\t\t\t\t\t\t\t\t\t\t\t<img decoding=\"async\" src=\"https:\/\/haciendareallosolivos.com\/wp1\/wp-content\/uploads\/2017\/01\/C\u00f3ctel-Lunch-Empresas.jpg\" class=\"gall-img-responsive\" style=\"display:none !important; visibility:hidden\" alt=\"\">\r\n\t\t\t\t\t\t\t\t\t\t\t\t<\/a>\r\n\t\t\t\t\t\t\t\t\t\t\t\t\t\t\t\t\t\t\t\t\t\t<\/p>\r\n\t\t\t\t\t\t\t\t\t<\/div>\r\n\t\t\t\t\t\t\t\t<\/div>\t\r\n\t\t\t\t\t\t\t\t\t\t\t\t\t\t\t\t\t\r\n\t\t\t\t\t\t\t\t\r\n\t\t\t\t\t\t\t\t<!--Gallery Label-->\r\n\t\t\t\t\t\t\t\t\t\t\t\t\t\t\t<\/div>\r\n\t\t\t\t\t\t<\/div>\r\n\t\t\t\t\t\t\t\t\t\t\t\t<div class=\"col-md-4 col-sm-6 wl-gallery\" >\r\n\t\t\t\t\t\t\t<div class=\"img-box-shadow\">\r\n\t\t\t\t\t\t\t\t\t\t\t\t\t\t\t<div class=\"b-link-stripe b-animate-go\">\r\n\t\t\t\t\t\t\t\t\r\n\t\t\t\t\t\t\t\t\t<img decoding=\"async\" src=\"https:\/\/haciendareallosolivos.com\/wp1\/wp-content\/uploads\/2017\/01\/Sal\u00f3n-con-concierto-1.jpg\" class=\"gall-img-responsive\" alt=\"\">\r\n\t\t\t\t\t\t\t\t\t<div class=\"b-wrapper\">\r\n\t\t\t\t\t\t\t\t\t\t<p class=\"b-from-right b-animate b-delay03\">\r\n\t\t\t\t\t\t\t\t\t\t\t\t\t\t\t\t\t\t\t\t\t\t\t<a title=\"\"  href=\"https:\/\/haciendareallosolivos.com\/wp1\/wp-content\/uploads\/2017\/01\/Sal\u00f3n-con-concierto-1.jpg\">\r\n\t\t\t\t\t\t\t\t\t\t\t\t\t<i class=\"fa fa-camera fa-3x\"><\/i>\r\n\t\t\t\t\t\t\t\t\t\t\t\t\t<img decoding=\"async\" src=\"https:\/\/haciendareallosolivos.com\/wp1\/wp-content\/uploads\/2017\/01\/Sal\u00f3n-con-concierto-1.jpg\" class=\"gall-img-responsive\" style=\"display:none !important; visibility:hidden\" alt=\"\">\r\n\t\t\t\t\t\t\t\t\t\t\t\t<\/a>\r\n\t\t\t\t\t\t\t\t\t\t\t\t\t\t\t\t\t\t\t\t\t\t<\/p>\r\n\t\t\t\t\t\t\t\t\t<\/div>\r\n\t\t\t\t\t\t\t\t<\/div>\t\r\n\t\t\t\t\t\t\t\t\t\t\t\t\t\t\t\t\t\r\n\t\t\t\t\t\t\t\t\r\n\t\t\t\t\t\t\t\t<!--Gallery Label-->\r\n\t\t\t\t\t\t\t\t\t\t\t\t\t\t\t<\/div>\r\n\t\t\t\t\t\t<\/div>\r\n\t\t\t\t\t\t\t\t\t\t<\/div>\r\n\t\t\t\t\r\n\t\t    <\/div>\r\n\r\n\t<!-- Photo box-->\r\n        <script>\r\n\t\tjQuery(document).ready(function() {\r\n\t\t\tjQuery('.photobox-lightbox').photobox('a');\r\n\t\t\t\/\/ or with a fancier selector and some settings, and a callback:\r\n\t\t\tjQuery('.photobox-lightbox').photobox('a:first', { thumbs:false, time:0 });\r\n\t\t});\r\n    <\/script>\r\n    \t\r\n\t\r\n\t<!-- Swipe Box-->\r\n\t\t\r\n\t<!-- Ion box-->\r\n\t\t\r\n\t\r\n\t<!-- Fancy box-->\r\n\t\t\t\r\n        \n<p>&nbsp;<\/p>\n<p>&nbsp;<\/p>\n<p>&nbsp;<\/p>\n","protected":false},"excerpt":{"rendered":"<p>Profesionalidad, La excelencia en el trabajo es el punto de partida de todo lo que hacemos. Nuestro compromiso se centra en superar las expectativas de nuestros clientes siempre con originalidad, flexibilidad y\u00a0calidad como pilares de nuestra filosof\u00eda y personalidad. Somos [&hellip;]<\/p>\n","protected":false},"author":3,"featured_media":0,"parent":627,"menu_order":0,"comment_status":"closed","ping_status":"closed","template":"","meta":{"footnotes":""},"class_list":["post-207","page","type-page","status-publish","hentry"],"_links":{"self":[{"href":"https:\/\/haciendareallosolivos.com\/wp1\/wp-json\/wp\/v2\/pages\/207","targetHints":{"allow":["GET"]}}],"collection":[{"href":"https:\/\/haciendareallosolivos.com\/wp1\/wp-json\/wp\/v2\/pages"}],"about":[{"href":"https:\/\/haciendareallosolivos.com\/wp1\/wp-json\/wp\/v2\/types\/page"}],"author":[{"embeddable":true,"href":"https:\/\/haciendareallosolivos.com\/wp1\/wp-json\/wp\/v2\/users\/3"}],"replies":[{"embeddable":true,"href":"https:\/\/haciendareallosolivos.com\/wp1\/wp-json\/wp\/v2\/comments?post=207"}],"version-history":[{"count":37,"href":"https:\/\/haciendareallosolivos.com\/wp1\/wp-json\/wp\/v2\/pages\/207\/revisions"}],"predecessor-version":[{"id":784,"href":"https:\/\/haciendareallosolivos.com\/wp1\/wp-json\/wp\/v2\/pages\/207\/revisions\/784"}],"up":[{"embeddable":true,"href":"https:\/\/haciendareallosolivos.com\/wp1\/wp-json\/wp\/v2\/pages\/627"}],"wp:attachment":[{"href":"https:\/\/haciendareallosolivos.com\/wp1\/wp-json\/wp\/v2\/media?parent=207"}],"curies":[{"name":"wp","href":"https:\/\/api.w.org\/{rel}","templated":true}]}}