{"id":26,"date":"2015-12-22T16:50:58","date_gmt":"2015-12-22T16:50:58","guid":{"rendered":"http:\/\/haciendareallosolivos.com\/wp1\/?page_id=26"},"modified":"2017-01-25T10:59:05","modified_gmt":"2017-01-25T09:59:05","slug":"el-hotel-2","status":"publish","type":"page","link":"https:\/\/haciendareallosolivos.com\/wp1\/el-hotel-2\/","title":{"rendered":"El Hotel"},"content":{"rendered":"<p><strong><em><span style=\"color: #808000;\">Un espacio diferente,<\/span><\/em><\/strong><\/p>\n<p>Situado en pleno coraz\u00f3n de la Regi\u00f3n de Murcia y a pocos minutos de la ciudad de Lorca, <span style=\"color: #808000;\"><strong>Hacienda Real Los Olivos****<\/strong><\/span> es sin\u00f3nimo de exclusividad, confort y relax. Rodeado de 10.000 m2 de jardines, construido con una arquitectura singular y caracterizado por un estilo propio, este hotel boutique de la cadena Royal Premier Hoteles se erige como la opci\u00f3n ideal para tus eventos y escapadas de ensue\u00f1o.<\/p>\n\t\r\n    <script src=\"http:\/\/ajax.googleapis.com\/ajax\/libs\/webfont\/1\/webfont.js\"><\/script>\r\n    <script type=\"text\/javascript\">\r\n\tWebFont.load({\r\n\t\tgoogle: {\r\n\t\tfamilies: ['Arial'] \/\/ saved value\r\n\t\t}\r\n\t});\r\n    <\/script>\r\n\r\n    <style>\r\n    #lbsp_542 .b-link-fade .b-wrapper,#lbsp_542 .b-link-fade .b-top-line{\r\n        background: rgba(52, 107, 27, 0.5);\r\n    }\r\n    #lbsp_542 .b-link-flow .b-wrapper,#lbsp_542 .b-link-flow .b-top-line{\r\n        background: rgba(52, 107, 27, 0.5);\r\n    }\r\n    #lbsp_542 .b-link-stroke .b-top-line{\r\n        background: rgba(52, 107, 27, 0.5);\r\n    }\r\n    #lbsp_542 .b-link-stroke .b-bottom-line{\r\n        background: rgba(52, 107, 27, 0.5);\r\n    }\r\n\r\n    #lbsp_542 .b-link-box .b-top-line{\r\n\r\n        border: 16px solid rgba(52, 107, 27, 0.5);\r\n    }\r\n    #lbsp_542 .b-link-box .b-bottom-line{\r\n        background: rgba(52, 107, 27, 0.5);\r\n    }\r\n    #lbsp_542 .b-link-stripe .b-line{\r\n        background: rgba(52, 107, 27, 0.5);\r\n    }\r\n    #lbsp_542 .b-link-apart-horisontal .b-top-line,#lbsp_542 .b-link-apart-horisontal .b-top-line-up{\r\n        background: rgba(52, 107, 27, 0.5);\r\n\r\n    }\r\n    #lbsp_542 .b-link-apart-horisontal .b-bottom-line,#lbsp_542 .b-link-apart-horisontal .b-bottom-line-up{\r\n        background: rgba(52, 107, 27, 0.5);\r\n    }\r\n    #lbsp_542 .b-link-apart-vertical .b-top-line,#lbsp_542 .b-link-apart-vertical .b-top-line-up{\r\n        background: rgba(52, 107, 27, 0.5);\r\n    }\r\n    #lbsp_542 .b-link-apart-vertical .b-bottom-line,#lbsp_542 .b-link-apart-vertical .b-bottom-line-up{\r\n        background: rgba(52, 107, 27, 0.5);\r\n    }\r\n    #lbsp_542 .b-link-diagonal .b-line{\r\n        background: rgba(52, 107, 27, 0.5);\r\n    }\r\n\r\n    #lbsp_542 .b-wrapper{\r\n        font-family:Arial; \/\/ real name pass here\r\n    }\r\n\t@media (min-width: 992px){\r\n\t\t#lbsp_542 .col-md-6 {\r\n\t\t\twidth: 49.97% !important;\r\n\t\t}\r\n\t\t#lbsp_542 .col-md-4 {\r\n\t\t\twidth: 33.30% !important;\r\n\t\t}\r\n\t\t#lbsp_542 .col-md-3 {\r\n\t\t\twidth: 24.90% !important;\r\n\t\t}\r\n\t\t#lbsp_542 .col-md-2 {\r\n\t\t\twidth: 16.60% !important;\r\n\t\t}\r\n\t}\r\n\timg {\r\n\t\tmax-width:1920px !important;\r\n\t}\r\n\t\r\n\t#lbsp_542 .lbsp_home_portfolio_caption{\r\n\t\tbackground:#FFFFFF;\r\n\t}\r\n\t#lbsp_542 .lbsp_home_portfolio_caption h3{\r\n\t\tcolor:#000000;\r\n\t}\r\n\t#lbsp_542 .fa{\r\n\t\tcolor:#FFFFFF!important;\r\n\t}\r\n\t\t#lbsp_542 .img-box-shadow{\r\n\t\tbox-shadow: 0 0 6px rgba(0,0,0,.7);\r\n\t}\r\n\t\t\r\n\t    <\/style>\r\n\r\n    \r\n    <div  class=\"gal-container photobox-lightbox\" id=\"lbsp_542\">\r\n\t\t\t\t\t<!--get the post id-->\r\n\t\t\t\t\t\t\r\n\t\t\t\t<!--Gallery Title-->\r\n\t\t\t\t\t\t\t\t\r\n\t\t\t\t<div class=\"gallery1\">\r\n\t\t\t\t\t\t\t\t\t\t\t<div class=\"col-md-4 col-sm-6 wl-gallery\" >\r\n\t\t\t\t\t\t\t<div class=\"img-box-shadow\">\r\n\t\t\t\t\t\t\t\t\t\t\t\t\t\t\t<div class=\"b-link-stripe b-animate-go\">\r\n\t\t\t\t\t\t\t\t\r\n\t\t\t\t\t\t\t\t\t<img decoding=\"async\" src=\"https:\/\/haciendareallosolivos.com\/wp1\/wp-content\/uploads\/2017\/01\/Entrada-Hotel.jpg\" class=\"gall-img-responsive\" alt=\"\">\r\n\t\t\t\t\t\t\t\t\t<div class=\"b-wrapper\">\r\n\t\t\t\t\t\t\t\t\t\t<p class=\"b-from-right b-animate b-delay03\">\r\n\t\t\t\t\t\t\t\t\t\t\t\t\t\t\t\t\t\t\t\t\t\t\t<a title=\"\"  href=\"https:\/\/haciendareallosolivos.com\/wp1\/wp-content\/uploads\/2017\/01\/Entrada-Hotel.jpg\">\r\n\t\t\t\t\t\t\t\t\t\t\t\t\t<i class=\"fa fa-camera fa-3x\"><\/i>\r\n\t\t\t\t\t\t\t\t\t\t\t\t\t<img decoding=\"async\" src=\"https:\/\/haciendareallosolivos.com\/wp1\/wp-content\/uploads\/2017\/01\/Entrada-Hotel.jpg\" class=\"gall-img-responsive\" style=\"display:none !important; visibility:hidden\" alt=\"\">\r\n\t\t\t\t\t\t\t\t\t\t\t\t<\/a>\r\n\t\t\t\t\t\t\t\t\t\t\t\t\t\t\t\t\t\t\t\t\t\t<\/p>\r\n\t\t\t\t\t\t\t\t\t<\/div>\r\n\t\t\t\t\t\t\t\t<\/div>\t\r\n\t\t\t\t\t\t\t\t\t\t\t\t\t\t\t\t\t\r\n\t\t\t\t\t\t\t\t\r\n\t\t\t\t\t\t\t\t<!--Gallery Label-->\r\n\t\t\t\t\t\t\t\t\t\t\t\t\t\t\t<\/div>\r\n\t\t\t\t\t\t<\/div>\r\n\t\t\t\t\t\t\t\t\t\t\t\t<div class=\"col-md-4 col-sm-6 wl-gallery\" >\r\n\t\t\t\t\t\t\t<div class=\"img-box-shadow\">\r\n\t\t\t\t\t\t\t\t\t\t\t\t\t\t\t<div class=\"b-link-stripe b-animate-go\">\r\n\t\t\t\t\t\t\t\t\r\n\t\t\t\t\t\t\t\t\t<img decoding=\"async\" src=\"https:\/\/haciendareallosolivos.com\/wp1\/wp-content\/uploads\/2017\/01\/Fachada-Lateral.jpg\" class=\"gall-img-responsive\" alt=\"\">\r\n\t\t\t\t\t\t\t\t\t<div class=\"b-wrapper\">\r\n\t\t\t\t\t\t\t\t\t\t<p class=\"b-from-right b-animate b-delay03\">\r\n\t\t\t\t\t\t\t\t\t\t\t\t\t\t\t\t\t\t\t\t\t\t\t<a title=\"\"  href=\"https:\/\/haciendareallosolivos.com\/wp1\/wp-content\/uploads\/2017\/01\/Fachada-Lateral.jpg\">\r\n\t\t\t\t\t\t\t\t\t\t\t\t\t<i class=\"fa fa-camera fa-3x\"><\/i>\r\n\t\t\t\t\t\t\t\t\t\t\t\t\t<img decoding=\"async\" src=\"https:\/\/haciendareallosolivos.com\/wp1\/wp-content\/uploads\/2017\/01\/Fachada-Lateral.jpg\" class=\"gall-img-responsive\" style=\"display:none !important; visibility:hidden\" alt=\"\">\r\n\t\t\t\t\t\t\t\t\t\t\t\t<\/a>\r\n\t\t\t\t\t\t\t\t\t\t\t\t\t\t\t\t\t\t\t\t\t\t<\/p>\r\n\t\t\t\t\t\t\t\t\t<\/div>\r\n\t\t\t\t\t\t\t\t<\/div>\t\r\n\t\t\t\t\t\t\t\t\t\t\t\t\t\t\t\t\t\r\n\t\t\t\t\t\t\t\t\r\n\t\t\t\t\t\t\t\t<!--Gallery Label-->\r\n\t\t\t\t\t\t\t\t\t\t\t\t\t\t\t<\/div>\r\n\t\t\t\t\t\t<\/div>\r\n\t\t\t\t\t\t\t\t\t\t\t\t<div class=\"col-md-4 col-sm-6 wl-gallery\" >\r\n\t\t\t\t\t\t\t<div class=\"img-box-shadow\">\r\n\t\t\t\t\t\t\t\t\t\t\t\t\t\t\t<div class=\"b-link-stripe b-animate-go\">\r\n\t\t\t\t\t\t\t\t\r\n\t\t\t\t\t\t\t\t\t<img decoding=\"async\" src=\"https:\/\/haciendareallosolivos.com\/wp1\/wp-content\/uploads\/2017\/01\/02122016-_DSC0588.jpg\" class=\"gall-img-responsive\" alt=\"\">\r\n\t\t\t\t\t\t\t\t\t<div class=\"b-wrapper\">\r\n\t\t\t\t\t\t\t\t\t\t<p class=\"b-from-right b-animate b-delay03\">\r\n\t\t\t\t\t\t\t\t\t\t\t\t\t\t\t\t\t\t\t\t\t\t\t<a title=\"\"  href=\"https:\/\/haciendareallosolivos.com\/wp1\/wp-content\/uploads\/2017\/01\/02122016-_DSC0588.jpg\">\r\n\t\t\t\t\t\t\t\t\t\t\t\t\t<i class=\"fa fa-camera fa-3x\"><\/i>\r\n\t\t\t\t\t\t\t\t\t\t\t\t\t<img decoding=\"async\" src=\"https:\/\/haciendareallosolivos.com\/wp1\/wp-content\/uploads\/2017\/01\/02122016-_DSC0588.jpg\" class=\"gall-img-responsive\" style=\"display:none !important; visibility:hidden\" alt=\"\">\r\n\t\t\t\t\t\t\t\t\t\t\t\t<\/a>\r\n\t\t\t\t\t\t\t\t\t\t\t\t\t\t\t\t\t\t\t\t\t\t<\/p>\r\n\t\t\t\t\t\t\t\t\t<\/div>\r\n\t\t\t\t\t\t\t\t<\/div>\t\r\n\t\t\t\t\t\t\t\t\t\t\t\t\t\t\t\t\t\r\n\t\t\t\t\t\t\t\t\r\n\t\t\t\t\t\t\t\t<!--Gallery Label-->\r\n\t\t\t\t\t\t\t\t\t\t\t\t\t\t\t<\/div>\r\n\t\t\t\t\t\t<\/div>\r\n\t\t\t\t\t\t\t\t\t\t\t\t<div class=\"col-md-4 col-sm-6 wl-gallery\" >\r\n\t\t\t\t\t\t\t<div class=\"img-box-shadow\">\r\n\t\t\t\t\t\t\t\t\t\t\t\t\t\t\t<div class=\"b-link-stripe b-animate-go\">\r\n\t\t\t\t\t\t\t\t\r\n\t\t\t\t\t\t\t\t\t<img decoding=\"async\" src=\"https:\/\/haciendareallosolivos.com\/wp1\/wp-content\/uploads\/2017\/01\/Detalle-escultura-cafeter\u00eda-exterior-nocturna.jpg\" class=\"gall-img-responsive\" alt=\"\">\r\n\t\t\t\t\t\t\t\t\t<div class=\"b-wrapper\">\r\n\t\t\t\t\t\t\t\t\t\t<p class=\"b-from-right b-animate b-delay03\">\r\n\t\t\t\t\t\t\t\t\t\t\t\t\t\t\t\t\t\t\t\t\t\t\t<a title=\"\"  href=\"https:\/\/haciendareallosolivos.com\/wp1\/wp-content\/uploads\/2017\/01\/Detalle-escultura-cafeter\u00eda-exterior-nocturna.jpg\">\r\n\t\t\t\t\t\t\t\t\t\t\t\t\t<i class=\"fa fa-camera fa-3x\"><\/i>\r\n\t\t\t\t\t\t\t\t\t\t\t\t\t<img decoding=\"async\" src=\"https:\/\/haciendareallosolivos.com\/wp1\/wp-content\/uploads\/2017\/01\/Detalle-escultura-cafeter\u00eda-exterior-nocturna.jpg\" class=\"gall-img-responsive\" style=\"display:none !important; visibility:hidden\" alt=\"\">\r\n\t\t\t\t\t\t\t\t\t\t\t\t<\/a>\r\n\t\t\t\t\t\t\t\t\t\t\t\t\t\t\t\t\t\t\t\t\t\t<\/p>\r\n\t\t\t\t\t\t\t\t\t<\/div>\r\n\t\t\t\t\t\t\t\t<\/div>\t\r\n\t\t\t\t\t\t\t\t\t\t\t\t\t\t\t\t\t\r\n\t\t\t\t\t\t\t\t\r\n\t\t\t\t\t\t\t\t<!--Gallery Label-->\r\n\t\t\t\t\t\t\t\t\t\t\t\t\t\t\t<\/div>\r\n\t\t\t\t\t\t<\/div>\r\n\t\t\t\t\t\t\t\t\t\t\t\t<div class=\"col-md-4 col-sm-6 wl-gallery\" >\r\n\t\t\t\t\t\t\t<div class=\"img-box-shadow\">\r\n\t\t\t\t\t\t\t\t\t\t\t\t\t\t\t<div class=\"b-link-stripe b-animate-go\">\r\n\t\t\t\t\t\t\t\t\r\n\t\t\t\t\t\t\t\t\t<img decoding=\"async\" src=\"https:\/\/haciendareallosolivos.com\/wp1\/wp-content\/uploads\/2017\/01\/Entrada-Hall-Recepcion.jpg\" class=\"gall-img-responsive\" alt=\"\">\r\n\t\t\t\t\t\t\t\t\t<div class=\"b-wrapper\">\r\n\t\t\t\t\t\t\t\t\t\t<p class=\"b-from-right b-animate b-delay03\">\r\n\t\t\t\t\t\t\t\t\t\t\t\t\t\t\t\t\t\t\t\t\t\t\t<a title=\"\"  href=\"https:\/\/haciendareallosolivos.com\/wp1\/wp-content\/uploads\/2017\/01\/Entrada-Hall-Recepcion.jpg\">\r\n\t\t\t\t\t\t\t\t\t\t\t\t\t<i class=\"fa fa-camera fa-3x\"><\/i>\r\n\t\t\t\t\t\t\t\t\t\t\t\t\t<img decoding=\"async\" src=\"https:\/\/haciendareallosolivos.com\/wp1\/wp-content\/uploads\/2017\/01\/Entrada-Hall-Recepcion.jpg\" class=\"gall-img-responsive\" style=\"display:none !important; visibility:hidden\" alt=\"\">\r\n\t\t\t\t\t\t\t\t\t\t\t\t<\/a>\r\n\t\t\t\t\t\t\t\t\t\t\t\t\t\t\t\t\t\t\t\t\t\t<\/p>\r\n\t\t\t\t\t\t\t\t\t<\/div>\r\n\t\t\t\t\t\t\t\t<\/div>\t\r\n\t\t\t\t\t\t\t\t\t\t\t\t\t\t\t\t\t\r\n\t\t\t\t\t\t\t\t\r\n\t\t\t\t\t\t\t\t<!--Gallery Label-->\r\n\t\t\t\t\t\t\t\t\t\t\t\t\t\t\t<\/div>\r\n\t\t\t\t\t\t<\/div>\r\n\t\t\t\t\t\t\t\t\t\t\t\t<div class=\"col-md-4 col-sm-6 wl-gallery\" >\r\n\t\t\t\t\t\t\t<div class=\"img-box-shadow\">\r\n\t\t\t\t\t\t\t\t\t\t\t\t\t\t\t<div class=\"b-link-stripe b-animate-go\">\r\n\t\t\t\t\t\t\t\t\r\n\t\t\t\t\t\t\t\t\t<img decoding=\"async\" src=\"https:\/\/haciendareallosolivos.com\/wp1\/wp-content\/uploads\/2017\/01\/Hall-Recepci\u00f3n.jpg\" class=\"gall-img-responsive\" alt=\"\">\r\n\t\t\t\t\t\t\t\t\t<div class=\"b-wrapper\">\r\n\t\t\t\t\t\t\t\t\t\t<p class=\"b-from-right b-animate b-delay03\">\r\n\t\t\t\t\t\t\t\t\t\t\t\t\t\t\t\t\t\t\t\t\t\t\t<a title=\"\"  href=\"https:\/\/haciendareallosolivos.com\/wp1\/wp-content\/uploads\/2017\/01\/Hall-Recepci\u00f3n.jpg\">\r\n\t\t\t\t\t\t\t\t\t\t\t\t\t<i class=\"fa fa-camera fa-3x\"><\/i>\r\n\t\t\t\t\t\t\t\t\t\t\t\t\t<img decoding=\"async\" src=\"https:\/\/haciendareallosolivos.com\/wp1\/wp-content\/uploads\/2017\/01\/Hall-Recepci\u00f3n.jpg\" class=\"gall-img-responsive\" style=\"display:none !important; visibility:hidden\" alt=\"\">\r\n\t\t\t\t\t\t\t\t\t\t\t\t<\/a>\r\n\t\t\t\t\t\t\t\t\t\t\t\t\t\t\t\t\t\t\t\t\t\t<\/p>\r\n\t\t\t\t\t\t\t\t\t<\/div>\r\n\t\t\t\t\t\t\t\t<\/div>\t\r\n\t\t\t\t\t\t\t\t\t\t\t\t\t\t\t\t\t\r\n\t\t\t\t\t\t\t\t\r\n\t\t\t\t\t\t\t\t<!--Gallery Label-->\r\n\t\t\t\t\t\t\t\t\t\t\t\t\t\t\t<\/div>\r\n\t\t\t\t\t\t<\/div>\r\n\t\t\t\t\t\t\t\t\t\t\t\t<div class=\"col-md-4 col-sm-6 wl-gallery\" >\r\n\t\t\t\t\t\t\t<div class=\"img-box-shadow\">\r\n\t\t\t\t\t\t\t\t\t\t\t\t\t\t\t<div class=\"b-link-stripe b-animate-go\">\r\n\t\t\t\t\t\t\t\t\r\n\t\t\t\t\t\t\t\t\t<img decoding=\"async\" src=\"https:\/\/haciendareallosolivos.com\/wp1\/wp-content\/uploads\/2017\/01\/Parte-Trasera-Salones.jpg\" class=\"gall-img-responsive\" alt=\"\">\r\n\t\t\t\t\t\t\t\t\t<div class=\"b-wrapper\">\r\n\t\t\t\t\t\t\t\t\t\t<p class=\"b-from-right b-animate b-delay03\">\r\n\t\t\t\t\t\t\t\t\t\t\t\t\t\t\t\t\t\t\t\t\t\t\t<a title=\"\"  href=\"https:\/\/haciendareallosolivos.com\/wp1\/wp-content\/uploads\/2017\/01\/Parte-Trasera-Salones.jpg\">\r\n\t\t\t\t\t\t\t\t\t\t\t\t\t<i class=\"fa fa-camera fa-3x\"><\/i>\r\n\t\t\t\t\t\t\t\t\t\t\t\t\t<img decoding=\"async\" src=\"https:\/\/haciendareallosolivos.com\/wp1\/wp-content\/uploads\/2017\/01\/Parte-Trasera-Salones.jpg\" class=\"gall-img-responsive\" style=\"display:none !important; visibility:hidden\" alt=\"\">\r\n\t\t\t\t\t\t\t\t\t\t\t\t<\/a>\r\n\t\t\t\t\t\t\t\t\t\t\t\t\t\t\t\t\t\t\t\t\t\t<\/p>\r\n\t\t\t\t\t\t\t\t\t<\/div>\r\n\t\t\t\t\t\t\t\t<\/div>\t\r\n\t\t\t\t\t\t\t\t\t\t\t\t\t\t\t\t\t\r\n\t\t\t\t\t\t\t\t\r\n\t\t\t\t\t\t\t\t<!--Gallery Label-->\r\n\t\t\t\t\t\t\t\t\t\t\t\t\t\t\t<\/div>\r\n\t\t\t\t\t\t<\/div>\r\n\t\t\t\t\t\t\t\t\t\t\t\t<div class=\"col-md-4 col-sm-6 wl-gallery\" >\r\n\t\t\t\t\t\t\t<div class=\"img-box-shadow\">\r\n\t\t\t\t\t\t\t\t\t\t\t\t\t\t\t<div class=\"b-link-stripe b-animate-go\">\r\n\t\t\t\t\t\t\t\t\r\n\t\t\t\t\t\t\t\t\t<img decoding=\"async\" src=\"https:\/\/haciendareallosolivos.com\/wp1\/wp-content\/uploads\/2017\/01\/Restaurante.jpg\" class=\"gall-img-responsive\" alt=\"\">\r\n\t\t\t\t\t\t\t\t\t<div class=\"b-wrapper\">\r\n\t\t\t\t\t\t\t\t\t\t<p class=\"b-from-right b-animate b-delay03\">\r\n\t\t\t\t\t\t\t\t\t\t\t\t\t\t\t\t\t\t\t\t\t\t\t<a title=\"\"  href=\"https:\/\/haciendareallosolivos.com\/wp1\/wp-content\/uploads\/2017\/01\/Restaurante.jpg\">\r\n\t\t\t\t\t\t\t\t\t\t\t\t\t<i class=\"fa fa-camera fa-3x\"><\/i>\r\n\t\t\t\t\t\t\t\t\t\t\t\t\t<img decoding=\"async\" src=\"https:\/\/haciendareallosolivos.com\/wp1\/wp-content\/uploads\/2017\/01\/Restaurante.jpg\" class=\"gall-img-responsive\" style=\"display:none !important; visibility:hidden\" alt=\"\">\r\n\t\t\t\t\t\t\t\t\t\t\t\t<\/a>\r\n\t\t\t\t\t\t\t\t\t\t\t\t\t\t\t\t\t\t\t\t\t\t<\/p>\r\n\t\t\t\t\t\t\t\t\t<\/div>\r\n\t\t\t\t\t\t\t\t<\/div>\t\r\n\t\t\t\t\t\t\t\t\t\t\t\t\t\t\t\t\t\r\n\t\t\t\t\t\t\t\t\r\n\t\t\t\t\t\t\t\t<!--Gallery Label-->\r\n\t\t\t\t\t\t\t\t\t\t\t\t\t\t\t<\/div>\r\n\t\t\t\t\t\t<\/div>\r\n\t\t\t\t\t\t\t\t\t\t\t\t<div class=\"col-md-4 col-sm-6 wl-gallery\" >\r\n\t\t\t\t\t\t\t<div class=\"img-box-shadow\">\r\n\t\t\t\t\t\t\t\t\t\t\t\t\t\t\t<div class=\"b-link-stripe b-animate-go\">\r\n\t\t\t\t\t\t\t\t\r\n\t\t\t\t\t\t\t\t\t<img decoding=\"async\" src=\"https:\/\/haciendareallosolivos.com\/wp1\/wp-content\/uploads\/2017\/01\/Piscina-con-detalle-de-jarr\u00f3n.jpg\" class=\"gall-img-responsive\" alt=\"\">\r\n\t\t\t\t\t\t\t\t\t<div class=\"b-wrapper\">\r\n\t\t\t\t\t\t\t\t\t\t<p class=\"b-from-right b-animate b-delay03\">\r\n\t\t\t\t\t\t\t\t\t\t\t\t\t\t\t\t\t\t\t\t\t\t\t<a title=\"\"  href=\"https:\/\/haciendareallosolivos.com\/wp1\/wp-content\/uploads\/2017\/01\/Piscina-con-detalle-de-jarr\u00f3n.jpg\">\r\n\t\t\t\t\t\t\t\t\t\t\t\t\t<i class=\"fa fa-camera fa-3x\"><\/i>\r\n\t\t\t\t\t\t\t\t\t\t\t\t\t<img decoding=\"async\" src=\"https:\/\/haciendareallosolivos.com\/wp1\/wp-content\/uploads\/2017\/01\/Piscina-con-detalle-de-jarr\u00f3n.jpg\" class=\"gall-img-responsive\" style=\"display:none !important; visibility:hidden\" alt=\"\">\r\n\t\t\t\t\t\t\t\t\t\t\t\t<\/a>\r\n\t\t\t\t\t\t\t\t\t\t\t\t\t\t\t\t\t\t\t\t\t\t<\/p>\r\n\t\t\t\t\t\t\t\t\t<\/div>\r\n\t\t\t\t\t\t\t\t<\/div>\t\r\n\t\t\t\t\t\t\t\t\t\t\t\t\t\t\t\t\t\r\n\t\t\t\t\t\t\t\t\r\n\t\t\t\t\t\t\t\t<!--Gallery Label-->\r\n\t\t\t\t\t\t\t\t\t\t\t\t\t\t\t<\/div>\r\n\t\t\t\t\t\t<\/div>\r\n\t\t\t\t\t\t\t\t\t\t\t\t<div class=\"col-md-4 col-sm-6 wl-gallery\" >\r\n\t\t\t\t\t\t\t<div class=\"img-box-shadow\">\r\n\t\t\t\t\t\t\t\t\t\t\t\t\t\t\t<div class=\"b-link-stripe b-animate-go\">\r\n\t\t\t\t\t\t\t\t\r\n\t\t\t\t\t\t\t\t\t<img decoding=\"async\" src=\"https:\/\/haciendareallosolivos.com\/wp1\/wp-content\/uploads\/2017\/01\/Piscina.jpg\" class=\"gall-img-responsive\" alt=\"\">\r\n\t\t\t\t\t\t\t\t\t<div class=\"b-wrapper\">\r\n\t\t\t\t\t\t\t\t\t\t<p class=\"b-from-right b-animate b-delay03\">\r\n\t\t\t\t\t\t\t\t\t\t\t\t\t\t\t\t\t\t\t\t\t\t\t<a title=\"\"  href=\"https:\/\/haciendareallosolivos.com\/wp1\/wp-content\/uploads\/2017\/01\/Piscina.jpg\">\r\n\t\t\t\t\t\t\t\t\t\t\t\t\t<i class=\"fa fa-camera fa-3x\"><\/i>\r\n\t\t\t\t\t\t\t\t\t\t\t\t\t<img decoding=\"async\" src=\"https:\/\/haciendareallosolivos.com\/wp1\/wp-content\/uploads\/2017\/01\/Piscina.jpg\" class=\"gall-img-responsive\" style=\"display:none !important; visibility:hidden\" alt=\"\">\r\n\t\t\t\t\t\t\t\t\t\t\t\t<\/a>\r\n\t\t\t\t\t\t\t\t\t\t\t\t\t\t\t\t\t\t\t\t\t\t<\/p>\r\n\t\t\t\t\t\t\t\t\t<\/div>\r\n\t\t\t\t\t\t\t\t<\/div>\t\r\n\t\t\t\t\t\t\t\t\t\t\t\t\t\t\t\t\t\r\n\t\t\t\t\t\t\t\t\r\n\t\t\t\t\t\t\t\t<!--Gallery Label-->\r\n\t\t\t\t\t\t\t\t\t\t\t\t\t\t\t<\/div>\r\n\t\t\t\t\t\t<\/div>\r\n\t\t\t\t\t\t\t\t\t\t\t\t<div class=\"col-md-4 col-sm-6 wl-gallery\" >\r\n\t\t\t\t\t\t\t<div class=\"img-box-shadow\">\r\n\t\t\t\t\t\t\t\t\t\t\t\t\t\t\t<div class=\"b-link-stripe b-animate-go\">\r\n\t\t\t\t\t\t\t\t\r\n\t\t\t\t\t\t\t\t\t<img decoding=\"async\" src=\"https:\/\/haciendareallosolivos.com\/wp1\/wp-content\/uploads\/2017\/01\/Vaca-de-colores-nocturna.jpg\" class=\"gall-img-responsive\" alt=\"\">\r\n\t\t\t\t\t\t\t\t\t<div class=\"b-wrapper\">\r\n\t\t\t\t\t\t\t\t\t\t<p class=\"b-from-right b-animate b-delay03\">\r\n\t\t\t\t\t\t\t\t\t\t\t\t\t\t\t\t\t\t\t\t\t\t\t<a title=\"\"  href=\"https:\/\/haciendareallosolivos.com\/wp1\/wp-content\/uploads\/2017\/01\/Vaca-de-colores-nocturna.jpg\">\r\n\t\t\t\t\t\t\t\t\t\t\t\t\t<i class=\"fa fa-camera fa-3x\"><\/i>\r\n\t\t\t\t\t\t\t\t\t\t\t\t\t<img decoding=\"async\" src=\"https:\/\/haciendareallosolivos.com\/wp1\/wp-content\/uploads\/2017\/01\/Vaca-de-colores-nocturna.jpg\" class=\"gall-img-responsive\" style=\"display:none !important; visibility:hidden\" alt=\"\">\r\n\t\t\t\t\t\t\t\t\t\t\t\t<\/a>\r\n\t\t\t\t\t\t\t\t\t\t\t\t\t\t\t\t\t\t\t\t\t\t<\/p>\r\n\t\t\t\t\t\t\t\t\t<\/div>\r\n\t\t\t\t\t\t\t\t<\/div>\t\r\n\t\t\t\t\t\t\t\t\t\t\t\t\t\t\t\t\t\r\n\t\t\t\t\t\t\t\t\r\n\t\t\t\t\t\t\t\t<!--Gallery Label-->\r\n\t\t\t\t\t\t\t\t\t\t\t\t\t\t\t<\/div>\r\n\t\t\t\t\t\t<\/div>\r\n\t\t\t\t\t\t\t\t\t\t\t\t<div class=\"col-md-4 col-sm-6 wl-gallery\" >\r\n\t\t\t\t\t\t\t<div class=\"img-box-shadow\">\r\n\t\t\t\t\t\t\t\t\t\t\t\t\t\t\t<div class=\"b-link-stripe b-animate-go\">\r\n\t\t\t\t\t\t\t\t\r\n\t\t\t\t\t\t\t\t\t<img decoding=\"async\" src=\"https:\/\/haciendareallosolivos.com\/wp1\/wp-content\/uploads\/2017\/01\/02122016-_DSC0582-Editar.jpg\" class=\"gall-img-responsive\" alt=\"\">\r\n\t\t\t\t\t\t\t\t\t<div class=\"b-wrapper\">\r\n\t\t\t\t\t\t\t\t\t\t<p class=\"b-from-right b-animate b-delay03\">\r\n\t\t\t\t\t\t\t\t\t\t\t\t\t\t\t\t\t\t\t\t\t\t\t<a title=\"\"  href=\"https:\/\/haciendareallosolivos.com\/wp1\/wp-content\/uploads\/2017\/01\/02122016-_DSC0582-Editar.jpg\">\r\n\t\t\t\t\t\t\t\t\t\t\t\t\t<i class=\"fa fa-camera fa-3x\"><\/i>\r\n\t\t\t\t\t\t\t\t\t\t\t\t\t<img decoding=\"async\" src=\"https:\/\/haciendareallosolivos.com\/wp1\/wp-content\/uploads\/2017\/01\/02122016-_DSC0582-Editar.jpg\" class=\"gall-img-responsive\" style=\"display:none !important; visibility:hidden\" alt=\"\">\r\n\t\t\t\t\t\t\t\t\t\t\t\t<\/a>\r\n\t\t\t\t\t\t\t\t\t\t\t\t\t\t\t\t\t\t\t\t\t\t<\/p>\r\n\t\t\t\t\t\t\t\t\t<\/div>\r\n\t\t\t\t\t\t\t\t<\/div>\t\r\n\t\t\t\t\t\t\t\t\t\t\t\t\t\t\t\t\t\r\n\t\t\t\t\t\t\t\t\r\n\t\t\t\t\t\t\t\t<!--Gallery Label-->\r\n\t\t\t\t\t\t\t\t\t\t\t\t\t\t\t<\/div>\r\n\t\t\t\t\t\t<\/div>\r\n\t\t\t\t\t\t\t\t\t\t\t\t<div class=\"col-md-4 col-sm-6 wl-gallery\" >\r\n\t\t\t\t\t\t\t<div class=\"img-box-shadow\">\r\n\t\t\t\t\t\t\t\t\t\t\t\t\t\t\t<div class=\"b-link-stripe b-animate-go\">\r\n\t\t\t\t\t\t\t\t\r\n\t\t\t\t\t\t\t\t\t<img decoding=\"async\" src=\"https:\/\/haciendareallosolivos.com\/wp1\/wp-content\/uploads\/2017\/01\/20122016-_DSC0907-Editar.jpg\" class=\"gall-img-responsive\" alt=\"\">\r\n\t\t\t\t\t\t\t\t\t<div class=\"b-wrapper\">\r\n\t\t\t\t\t\t\t\t\t\t<p class=\"b-from-right b-animate b-delay03\">\r\n\t\t\t\t\t\t\t\t\t\t\t\t\t\t\t\t\t\t\t\t\t\t\t<a title=\"\"  href=\"https:\/\/haciendareallosolivos.com\/wp1\/wp-content\/uploads\/2017\/01\/20122016-_DSC0907-Editar.jpg\">\r\n\t\t\t\t\t\t\t\t\t\t\t\t\t<i class=\"fa fa-camera fa-3x\"><\/i>\r\n\t\t\t\t\t\t\t\t\t\t\t\t\t<img decoding=\"async\" src=\"https:\/\/haciendareallosolivos.com\/wp1\/wp-content\/uploads\/2017\/01\/20122016-_DSC0907-Editar.jpg\" class=\"gall-img-responsive\" style=\"display:none !important; visibility:hidden\" alt=\"\">\r\n\t\t\t\t\t\t\t\t\t\t\t\t<\/a>\r\n\t\t\t\t\t\t\t\t\t\t\t\t\t\t\t\t\t\t\t\t\t\t<\/p>\r\n\t\t\t\t\t\t\t\t\t<\/div>\r\n\t\t\t\t\t\t\t\t<\/div>\t\r\n\t\t\t\t\t\t\t\t\t\t\t\t\t\t\t\t\t\r\n\t\t\t\t\t\t\t\t\r\n\t\t\t\t\t\t\t\t<!--Gallery Label-->\r\n\t\t\t\t\t\t\t\t\t\t\t\t\t\t\t<\/div>\r\n\t\t\t\t\t\t<\/div>\r\n\t\t\t\t\t\t\t\t\t\t\t\t<div class=\"col-md-4 col-sm-6 wl-gallery\" >\r\n\t\t\t\t\t\t\t<div class=\"img-box-shadow\">\r\n\t\t\t\t\t\t\t\t\t\t\t\t\t\t\t<div class=\"b-link-stripe b-animate-go\">\r\n\t\t\t\t\t\t\t\t\r\n\t\t\t\t\t\t\t\t\t<img decoding=\"async\" src=\"https:\/\/haciendareallosolivos.com\/wp1\/wp-content\/uploads\/2017\/01\/23092015-SAM_8589-Editar.jpg\" class=\"gall-img-responsive\" alt=\"\">\r\n\t\t\t\t\t\t\t\t\t<div class=\"b-wrapper\">\r\n\t\t\t\t\t\t\t\t\t\t<p class=\"b-from-right b-animate b-delay03\">\r\n\t\t\t\t\t\t\t\t\t\t\t\t\t\t\t\t\t\t\t\t\t\t\t<a title=\"\"  href=\"https:\/\/haciendareallosolivos.com\/wp1\/wp-content\/uploads\/2017\/01\/23092015-SAM_8589-Editar.jpg\">\r\n\t\t\t\t\t\t\t\t\t\t\t\t\t<i class=\"fa fa-camera fa-3x\"><\/i>\r\n\t\t\t\t\t\t\t\t\t\t\t\t\t<img decoding=\"async\" src=\"https:\/\/haciendareallosolivos.com\/wp1\/wp-content\/uploads\/2017\/01\/23092015-SAM_8589-Editar.jpg\" class=\"gall-img-responsive\" style=\"display:none !important; visibility:hidden\" alt=\"\">\r\n\t\t\t\t\t\t\t\t\t\t\t\t<\/a>\r\n\t\t\t\t\t\t\t\t\t\t\t\t\t\t\t\t\t\t\t\t\t\t<\/p>\r\n\t\t\t\t\t\t\t\t\t<\/div>\r\n\t\t\t\t\t\t\t\t<\/div>\t\r\n\t\t\t\t\t\t\t\t\t\t\t\t\t\t\t\t\t\r\n\t\t\t\t\t\t\t\t\r\n\t\t\t\t\t\t\t\t<!--Gallery Label-->\r\n\t\t\t\t\t\t\t\t\t\t\t\t\t\t\t<\/div>\r\n\t\t\t\t\t\t<\/div>\r\n\t\t\t\t\t\t\t\t\t\t\t\t<div class=\"col-md-4 col-sm-6 wl-gallery\" >\r\n\t\t\t\t\t\t\t<div class=\"img-box-shadow\">\r\n\t\t\t\t\t\t\t\t\t\t\t\t\t\t\t<div class=\"b-link-stripe b-animate-go\">\r\n\t\t\t\t\t\t\t\t\r\n\t\t\t\t\t\t\t\t\t<img decoding=\"async\" src=\"https:\/\/haciendareallosolivos.com\/wp1\/wp-content\/uploads\/2017\/10\/Porche-Entrada-Recepci\u00f3n.jpg\" class=\"gall-img-responsive\" alt=\"\">\r\n\t\t\t\t\t\t\t\t\t<div class=\"b-wrapper\">\r\n\t\t\t\t\t\t\t\t\t\t<p class=\"b-from-right b-animate b-delay03\">\r\n\t\t\t\t\t\t\t\t\t\t\t\t\t\t\t\t\t\t\t\t\t\t\t<a title=\"\"  href=\"https:\/\/haciendareallosolivos.com\/wp1\/wp-content\/uploads\/2017\/10\/Porche-Entrada-Recepci\u00f3n.jpg\">\r\n\t\t\t\t\t\t\t\t\t\t\t\t\t<i class=\"fa fa-camera fa-3x\"><\/i>\r\n\t\t\t\t\t\t\t\t\t\t\t\t\t<img decoding=\"async\" src=\"https:\/\/haciendareallosolivos.com\/wp1\/wp-content\/uploads\/2017\/10\/Porche-Entrada-Recepci\u00f3n.jpg\" class=\"gall-img-responsive\" style=\"display:none !important; visibility:hidden\" alt=\"\">\r\n\t\t\t\t\t\t\t\t\t\t\t\t<\/a>\r\n\t\t\t\t\t\t\t\t\t\t\t\t\t\t\t\t\t\t\t\t\t\t<\/p>\r\n\t\t\t\t\t\t\t\t\t<\/div>\r\n\t\t\t\t\t\t\t\t<\/div>\t\r\n\t\t\t\t\t\t\t\t\t\t\t\t\t\t\t\t\t\r\n\t\t\t\t\t\t\t\t\r\n\t\t\t\t\t\t\t\t<!--Gallery Label-->\r\n\t\t\t\t\t\t\t\t\t\t\t\t\t\t\t<\/div>\r\n\t\t\t\t\t\t<\/div>\r\n\t\t\t\t\t\t\t\t\t\t<\/div>\r\n\t\t\t\t\r\n\t\t    <\/div>\r\n\r\n\t<!-- Photo box-->\r\n        <script>\r\n\t\tjQuery(document).ready(function() {\r\n\t\t\tjQuery('.photobox-lightbox').photobox('a');\r\n\t\t\t\/\/ or with a fancier selector and some settings, and a callback:\r\n\t\t\tjQuery('.photobox-lightbox').photobox('a:first', { thumbs:false, time:0 });\r\n\t\t});\r\n    <\/script>\r\n    \t\r\n\t\r\n\t<!-- Swipe Box-->\r\n\t\t\r\n\t<!-- Ion box-->\r\n\t\t\r\n\t\r\n\t<!-- Fancy box-->\r\n\t\t\t\r\n        \n<p>&nbsp;<\/p>\n","protected":false},"excerpt":{"rendered":"<p>Un espacio diferente, Situado en pleno coraz\u00f3n de la Regi\u00f3n de Murcia y a pocos minutos de la ciudad de Lorca, Hacienda Real Los Olivos**** es sin\u00f3nimo de exclusividad, confort y relax. Rodeado de 10.000 m2 de jardines, construido con [&hellip;]<\/p>\n","protected":false},"author":3,"featured_media":541,"parent":0,"menu_order":2,"comment_status":"closed","ping_status":"closed","template":"","meta":{"footnotes":""},"class_list":["post-26","page","type-page","status-publish","has-post-thumbnail","hentry"],"_links":{"self":[{"href":"https:\/\/haciendareallosolivos.com\/wp1\/wp-json\/wp\/v2\/pages\/26","targetHints":{"allow":["GET"]}}],"collection":[{"href":"https:\/\/haciendareallosolivos.com\/wp1\/wp-json\/wp\/v2\/pages"}],"about":[{"href":"https:\/\/haciendareallosolivos.com\/wp1\/wp-json\/wp\/v2\/types\/page"}],"author":[{"embeddable":true,"href":"https:\/\/haciendareallosolivos.com\/wp1\/wp-json\/wp\/v2\/users\/3"}],"replies":[{"embeddable":true,"href":"https:\/\/haciendareallosolivos.com\/wp1\/wp-json\/wp\/v2\/comments?post=26"}],"version-history":[{"count":48,"href":"https:\/\/haciendareallosolivos.com\/wp1\/wp-json\/wp\/v2\/pages\/26\/revisions"}],"predecessor-version":[{"id":799,"href":"https:\/\/haciendareallosolivos.com\/wp1\/wp-json\/wp\/v2\/pages\/26\/revisions\/799"}],"wp:featuredmedia":[{"embeddable":true,"href":"https:\/\/haciendareallosolivos.com\/wp1\/wp-json\/wp\/v2\/media\/541"}],"wp:attachment":[{"href":"https:\/\/haciendareallosolivos.com\/wp1\/wp-json\/wp\/v2\/media?parent=26"}],"curies":[{"name":"wp","href":"https:\/\/api.w.org\/{rel}","templated":true}]}}