{"id":57,"date":"2015-12-29T16:38:37","date_gmt":"2015-12-29T16:38:37","guid":{"rendered":"http:\/\/haciendareallosolivos.com\/wp1\/?page_id=57"},"modified":"2017-01-26T17:42:14","modified_gmt":"2017-01-26T16:42:14","slug":"habitaciones-junior-suites","status":"publish","type":"page","link":"https:\/\/haciendareallosolivos.com\/wp1\/habitaciones\/habitaciones-junior-suites\/","title":{"rendered":"Habitaciones Junior Suites"},"content":{"rendered":"<p><strong><em><span style=\"color: #808000;\">\u00cdntimas,<\/span><\/em><\/strong><\/p>\n<p>Cuidadas, \u00fanicas y especiales. Se encuentran cerca de la zona de jardines del hotel y ofrecen tranquilidad y paz dentro de un entorno natural. Perfectas para dos personas, cuentan adem\u00e1s con todos los equipamientos y comodidades, adem\u00e1s de un amplio sal\u00f3n. Tambi\u00e9n dispone de ba\u00f1era y ducha por separado.<\/p>\n<p>Ba\u00f1o\u00a0\u2022 Secador de Pelo\u00a0\u2022 Ba\u00f1era y Ducha separada \u2022 Sal\u00f3n \u2022 Caja Fuerte\u00a0\u2022 Sof\u00e1 Cama \u2022 Minibar\u00a0\u2022 TV\u00a0\u2022 Internet\u00a0\u2022 Terraza<\/p>\n\t\r\n    <script src=\"http:\/\/ajax.googleapis.com\/ajax\/libs\/webfont\/1\/webfont.js\"><\/script>\r\n    <script type=\"text\/javascript\">\r\n\tWebFont.load({\r\n\t\tgoogle: {\r\n\t\tfamilies: ['Arial'] \/\/ saved value\r\n\t\t}\r\n\t});\r\n    <\/script>\r\n\r\n    <style>\r\n    #lbsp_569 .b-link-fade .b-wrapper,#lbsp_569 .b-link-fade .b-top-line{\r\n        background: rgba(52, 107, 27, 0.5);\r\n    }\r\n    #lbsp_569 .b-link-flow .b-wrapper,#lbsp_569 .b-link-flow .b-top-line{\r\n        background: rgba(52, 107, 27, 0.5);\r\n    }\r\n    #lbsp_569 .b-link-stroke .b-top-line{\r\n        background: rgba(52, 107, 27, 0.5);\r\n    }\r\n    #lbsp_569 .b-link-stroke .b-bottom-line{\r\n        background: rgba(52, 107, 27, 0.5);\r\n    }\r\n\r\n    #lbsp_569 .b-link-box .b-top-line{\r\n\r\n        border: 16px solid rgba(52, 107, 27, 0.5);\r\n    }\r\n    #lbsp_569 .b-link-box .b-bottom-line{\r\n        background: rgba(52, 107, 27, 0.5);\r\n    }\r\n    #lbsp_569 .b-link-stripe .b-line{\r\n        background: rgba(52, 107, 27, 0.5);\r\n    }\r\n    #lbsp_569 .b-link-apart-horisontal .b-top-line,#lbsp_569 .b-link-apart-horisontal .b-top-line-up{\r\n        background: rgba(52, 107, 27, 0.5);\r\n\r\n    }\r\n    #lbsp_569 .b-link-apart-horisontal .b-bottom-line,#lbsp_569 .b-link-apart-horisontal .b-bottom-line-up{\r\n        background: rgba(52, 107, 27, 0.5);\r\n    }\r\n    #lbsp_569 .b-link-apart-vertical .b-top-line,#lbsp_569 .b-link-apart-vertical .b-top-line-up{\r\n        background: rgba(52, 107, 27, 0.5);\r\n    }\r\n    #lbsp_569 .b-link-apart-vertical .b-bottom-line,#lbsp_569 .b-link-apart-vertical .b-bottom-line-up{\r\n        background: rgba(52, 107, 27, 0.5);\r\n    }\r\n    #lbsp_569 .b-link-diagonal .b-line{\r\n        background: rgba(52, 107, 27, 0.5);\r\n    }\r\n\r\n    #lbsp_569 .b-wrapper{\r\n        font-family:Arial; \/\/ real name pass here\r\n    }\r\n\t@media (min-width: 992px){\r\n\t\t#lbsp_569 .col-md-6 {\r\n\t\t\twidth: 49.97% !important;\r\n\t\t}\r\n\t\t#lbsp_569 .col-md-4 {\r\n\t\t\twidth: 33.30% !important;\r\n\t\t}\r\n\t\t#lbsp_569 .col-md-3 {\r\n\t\t\twidth: 24.90% !important;\r\n\t\t}\r\n\t\t#lbsp_569 .col-md-2 {\r\n\t\t\twidth: 16.60% !important;\r\n\t\t}\r\n\t}\r\n\timg {\r\n\t\tmax-width:1920px !important;\r\n\t}\r\n\t\r\n\t#lbsp_569 .lbsp_home_portfolio_caption{\r\n\t\tbackground:#FFFFFF;\r\n\t}\r\n\t#lbsp_569 .lbsp_home_portfolio_caption h3{\r\n\t\tcolor:#000000;\r\n\t}\r\n\t#lbsp_569 .fa{\r\n\t\tcolor:#FFFFFF!important;\r\n\t}\r\n\t\t#lbsp_569 .img-box-shadow{\r\n\t\tbox-shadow: 0 0 6px rgba(0,0,0,.7);\r\n\t}\r\n\t\t\r\n\t    <\/style>\r\n\r\n    \r\n    <div  class=\"gal-container photobox-lightbox\" id=\"lbsp_569\">\r\n\t\t\t\t\t<!--get the post id-->\r\n\t\t\t\t\t\t\r\n\t\t\t\t<!--Gallery Title-->\r\n\t\t\t\t\t\t\t\t\r\n\t\t\t\t<div class=\"gallery1\">\r\n\t\t\t\t\t\t\t\t\t\t\t<div class=\"col-md-4 col-sm-6 wl-gallery\" >\r\n\t\t\t\t\t\t\t<div class=\"img-box-shadow\">\r\n\t\t\t\t\t\t\t\t\t\t\t\t\t\t\t<div class=\"b-link-stripe b-animate-go\">\r\n\t\t\t\t\t\t\t\t\r\n\t\t\t\t\t\t\t\t\t<img decoding=\"async\" src=\"https:\/\/haciendareallosolivos.com\/wp1\/wp-content\/uploads\/2017\/01\/Junior-Suite-1.jpg\" class=\"gall-img-responsive\" alt=\"\">\r\n\t\t\t\t\t\t\t\t\t<div class=\"b-wrapper\">\r\n\t\t\t\t\t\t\t\t\t\t<p class=\"b-from-right b-animate b-delay03\">\r\n\t\t\t\t\t\t\t\t\t\t\t\t\t\t\t\t\t\t\t\t\t\t\t<a title=\"\"  href=\"https:\/\/haciendareallosolivos.com\/wp1\/wp-content\/uploads\/2017\/01\/Junior-Suite-1.jpg\">\r\n\t\t\t\t\t\t\t\t\t\t\t\t\t<i class=\"fa fa-camera fa-3x\"><\/i>\r\n\t\t\t\t\t\t\t\t\t\t\t\t\t<img decoding=\"async\" src=\"https:\/\/haciendareallosolivos.com\/wp1\/wp-content\/uploads\/2017\/01\/Junior-Suite-1.jpg\" class=\"gall-img-responsive\" style=\"display:none !important; visibility:hidden\" alt=\"\">\r\n\t\t\t\t\t\t\t\t\t\t\t\t<\/a>\r\n\t\t\t\t\t\t\t\t\t\t\t\t\t\t\t\t\t\t\t\t\t\t<\/p>\r\n\t\t\t\t\t\t\t\t\t<\/div>\r\n\t\t\t\t\t\t\t\t<\/div>\t\r\n\t\t\t\t\t\t\t\t\t\t\t\t\t\t\t\t\t\r\n\t\t\t\t\t\t\t\t\r\n\t\t\t\t\t\t\t\t<!--Gallery Label-->\r\n\t\t\t\t\t\t\t\t\t\t\t\t\t\t\t<\/div>\r\n\t\t\t\t\t\t<\/div>\r\n\t\t\t\t\t\t\t\t\t\t\t\t<div class=\"col-md-4 col-sm-6 wl-gallery\" >\r\n\t\t\t\t\t\t\t<div class=\"img-box-shadow\">\r\n\t\t\t\t\t\t\t\t\t\t\t\t\t\t\t<div class=\"b-link-stripe b-animate-go\">\r\n\t\t\t\t\t\t\t\t\r\n\t\t\t\t\t\t\t\t\t<img decoding=\"async\" src=\"https:\/\/haciendareallosolivos.com\/wp1\/wp-content\/uploads\/2017\/01\/Exteriores-Junior-Suite-1.jpg\" class=\"gall-img-responsive\" alt=\"\">\r\n\t\t\t\t\t\t\t\t\t<div class=\"b-wrapper\">\r\n\t\t\t\t\t\t\t\t\t\t<p class=\"b-from-right b-animate b-delay03\">\r\n\t\t\t\t\t\t\t\t\t\t\t\t\t\t\t\t\t\t\t\t\t\t\t<a title=\"\"  href=\"https:\/\/haciendareallosolivos.com\/wp1\/wp-content\/uploads\/2017\/01\/Exteriores-Junior-Suite-1.jpg\">\r\n\t\t\t\t\t\t\t\t\t\t\t\t\t<i class=\"fa fa-camera fa-3x\"><\/i>\r\n\t\t\t\t\t\t\t\t\t\t\t\t\t<img decoding=\"async\" src=\"https:\/\/haciendareallosolivos.com\/wp1\/wp-content\/uploads\/2017\/01\/Exteriores-Junior-Suite-1.jpg\" class=\"gall-img-responsive\" style=\"display:none !important; visibility:hidden\" alt=\"\">\r\n\t\t\t\t\t\t\t\t\t\t\t\t<\/a>\r\n\t\t\t\t\t\t\t\t\t\t\t\t\t\t\t\t\t\t\t\t\t\t<\/p>\r\n\t\t\t\t\t\t\t\t\t<\/div>\r\n\t\t\t\t\t\t\t\t<\/div>\t\r\n\t\t\t\t\t\t\t\t\t\t\t\t\t\t\t\t\t\r\n\t\t\t\t\t\t\t\t\r\n\t\t\t\t\t\t\t\t<!--Gallery Label-->\r\n\t\t\t\t\t\t\t\t\t\t\t\t\t\t\t<\/div>\r\n\t\t\t\t\t\t<\/div>\r\n\t\t\t\t\t\t\t\t\t\t\t\t<div class=\"col-md-4 col-sm-6 wl-gallery\" >\r\n\t\t\t\t\t\t\t<div class=\"img-box-shadow\">\r\n\t\t\t\t\t\t\t\t\t\t\t\t\t\t\t<div class=\"b-link-stripe b-animate-go\">\r\n\t\t\t\t\t\t\t\t\r\n\t\t\t\t\t\t\t\t\t<img decoding=\"async\" src=\"https:\/\/haciendareallosolivos.com\/wp1\/wp-content\/uploads\/2017\/01\/07122015-_SAM9517.jpg\" class=\"gall-img-responsive\" alt=\"\">\r\n\t\t\t\t\t\t\t\t\t<div class=\"b-wrapper\">\r\n\t\t\t\t\t\t\t\t\t\t<p class=\"b-from-right b-animate b-delay03\">\r\n\t\t\t\t\t\t\t\t\t\t\t\t\t\t\t\t\t\t\t\t\t\t\t<a title=\"\"  href=\"https:\/\/haciendareallosolivos.com\/wp1\/wp-content\/uploads\/2017\/01\/07122015-_SAM9517.jpg\">\r\n\t\t\t\t\t\t\t\t\t\t\t\t\t<i class=\"fa fa-camera fa-3x\"><\/i>\r\n\t\t\t\t\t\t\t\t\t\t\t\t\t<img decoding=\"async\" src=\"https:\/\/haciendareallosolivos.com\/wp1\/wp-content\/uploads\/2017\/01\/07122015-_SAM9517.jpg\" class=\"gall-img-responsive\" style=\"display:none !important; visibility:hidden\" alt=\"\">\r\n\t\t\t\t\t\t\t\t\t\t\t\t<\/a>\r\n\t\t\t\t\t\t\t\t\t\t\t\t\t\t\t\t\t\t\t\t\t\t<\/p>\r\n\t\t\t\t\t\t\t\t\t<\/div>\r\n\t\t\t\t\t\t\t\t<\/div>\t\r\n\t\t\t\t\t\t\t\t\t\t\t\t\t\t\t\t\t\r\n\t\t\t\t\t\t\t\t\r\n\t\t\t\t\t\t\t\t<!--Gallery Label-->\r\n\t\t\t\t\t\t\t\t\t\t\t\t\t\t\t<\/div>\r\n\t\t\t\t\t\t<\/div>\r\n\t\t\t\t\t\t\t\t\t\t\t\t<div class=\"col-md-4 col-sm-6 wl-gallery\" >\r\n\t\t\t\t\t\t\t<div class=\"img-box-shadow\">\r\n\t\t\t\t\t\t\t\t\t\t\t\t\t\t\t<div class=\"b-link-stripe b-animate-go\">\r\n\t\t\t\t\t\t\t\t\r\n\t\t\t\t\t\t\t\t\t<img decoding=\"async\" src=\"https:\/\/haciendareallosolivos.com\/wp1\/wp-content\/uploads\/2017\/01\/07122015-_SAM9513.jpg\" class=\"gall-img-responsive\" alt=\"\">\r\n\t\t\t\t\t\t\t\t\t<div class=\"b-wrapper\">\r\n\t\t\t\t\t\t\t\t\t\t<p class=\"b-from-right b-animate b-delay03\">\r\n\t\t\t\t\t\t\t\t\t\t\t\t\t\t\t\t\t\t\t\t\t\t\t<a title=\"\"  href=\"https:\/\/haciendareallosolivos.com\/wp1\/wp-content\/uploads\/2017\/01\/07122015-_SAM9513.jpg\">\r\n\t\t\t\t\t\t\t\t\t\t\t\t\t<i class=\"fa fa-camera fa-3x\"><\/i>\r\n\t\t\t\t\t\t\t\t\t\t\t\t\t<img decoding=\"async\" src=\"https:\/\/haciendareallosolivos.com\/wp1\/wp-content\/uploads\/2017\/01\/07122015-_SAM9513.jpg\" class=\"gall-img-responsive\" style=\"display:none !important; visibility:hidden\" alt=\"\">\r\n\t\t\t\t\t\t\t\t\t\t\t\t<\/a>\r\n\t\t\t\t\t\t\t\t\t\t\t\t\t\t\t\t\t\t\t\t\t\t<\/p>\r\n\t\t\t\t\t\t\t\t\t<\/div>\r\n\t\t\t\t\t\t\t\t<\/div>\t\r\n\t\t\t\t\t\t\t\t\t\t\t\t\t\t\t\t\t\r\n\t\t\t\t\t\t\t\t\r\n\t\t\t\t\t\t\t\t<!--Gallery Label-->\r\n\t\t\t\t\t\t\t\t\t\t\t\t\t\t\t<\/div>\r\n\t\t\t\t\t\t<\/div>\r\n\t\t\t\t\t\t\t\t\t\t<\/div>\r\n\t\t\t\t\r\n\t\t    <\/div>\r\n\r\n\t<!-- Photo box-->\r\n        <script>\r\n\t\tjQuery(document).ready(function() {\r\n\t\t\tjQuery('.photobox-lightbox').photobox('a');\r\n\t\t\t\/\/ or with a fancier selector and some settings, and a callback:\r\n\t\t\tjQuery('.photobox-lightbox').photobox('a:first', { thumbs:false, time:0 });\r\n\t\t});\r\n    <\/script>\r\n    \t\r\n\t\r\n\t<!-- Swipe Box-->\r\n\t\t\r\n\t<!-- Ion box-->\r\n\t\t\r\n\t\r\n\t<!-- Fancy box-->\r\n\t\t\t\r\n        \n","protected":false},"excerpt":{"rendered":"<p>\u00cdntimas, Cuidadas, \u00fanicas y especiales. Se encuentran cerca de la zona de jardines del hotel y ofrecen tranquilidad y paz dentro de un entorno natural. Perfectas para dos personas, cuentan adem\u00e1s con todos los equipamientos y comodidades, adem\u00e1s de un [&hellip;]<\/p>\n","protected":false},"author":3,"featured_media":0,"parent":18,"menu_order":0,"comment_status":"closed","ping_status":"closed","template":"","meta":{"footnotes":""},"class_list":["post-57","page","type-page","status-publish","hentry"],"_links":{"self":[{"href":"https:\/\/haciendareallosolivos.com\/wp1\/wp-json\/wp\/v2\/pages\/57","targetHints":{"allow":["GET"]}}],"collection":[{"href":"https:\/\/haciendareallosolivos.com\/wp1\/wp-json\/wp\/v2\/pages"}],"about":[{"href":"https:\/\/haciendareallosolivos.com\/wp1\/wp-json\/wp\/v2\/types\/page"}],"author":[{"embeddable":true,"href":"https:\/\/haciendareallosolivos.com\/wp1\/wp-json\/wp\/v2\/users\/3"}],"replies":[{"embeddable":true,"href":"https:\/\/haciendareallosolivos.com\/wp1\/wp-json\/wp\/v2\/comments?post=57"}],"version-history":[{"count":12,"href":"https:\/\/haciendareallosolivos.com\/wp1\/wp-json\/wp\/v2\/pages\/57\/revisions"}],"predecessor-version":[{"id":834,"href":"https:\/\/haciendareallosolivos.com\/wp1\/wp-json\/wp\/v2\/pages\/57\/revisions\/834"}],"up":[{"embeddable":true,"href":"https:\/\/haciendareallosolivos.com\/wp1\/wp-json\/wp\/v2\/pages\/18"}],"wp:attachment":[{"href":"https:\/\/haciendareallosolivos.com\/wp1\/wp-json\/wp\/v2\/media?parent=57"}],"curies":[{"name":"wp","href":"https:\/\/api.w.org\/{rel}","templated":true}]}}