{"id":65,"date":"2015-12-29T16:52:25","date_gmt":"2015-12-29T16:52:25","guid":{"rendered":"http:\/\/haciendareallosolivos.com\/wp1\/?page_id=65"},"modified":"2017-01-31T17:32:34","modified_gmt":"2017-01-31T16:32:34","slug":"suites","status":"publish","type":"page","link":"https:\/\/haciendareallosolivos.com\/wp1\/habitaciones\/suites\/","title":{"rendered":"Suites"},"content":{"rendered":"<p><strong><em><span style=\"color: #808000;\">Superiores,<\/span><\/em><\/strong><\/p>\n<p>Situadas en la planta alta, una de las zonas m\u00e1s exclusivas del hotel, se caracterizan por tener unas hermosas vistas panor\u00e1micas desde la terraza de todo el complejo hotelero y sus alrededores. \u00a0Por supuesto, ofrecen todo tipo de comodidades y los mejores equipamientos, y cuentan con sal\u00f3n independiente.<\/p>\n<p>Ba\u00f1o\u00a0\u2022 Secador de Pelo\u00a0\u2022 Ba\u00f1era y Ducha separada \u2022 Sal\u00f3n \u2022 Cama King Size \u2022\u00a0Caja Fuerte\u00a0\u2022 \u00a0Minibar\u00a0\u2022 TV\u00a0\u2022 Internet\u00a0\u2022 Terraza<\/p>\n<p><strong><em><span style=\"color: #808000;\">Premium,<\/span><\/em><\/strong><\/p>\n<p>Es la suite insignia del hotel. Con dos habitaciones independientes, un amplio sal\u00f3n, un ba\u00f1o completo y un sinf\u00edn de comodidades exclusivas, es la opci\u00f3n ideal para los que buscan confort y lujo en un entorno muy especial.<\/p>\n<p>Ba\u00f1o\u00a0\u2022 Secador de Pelo\u00a0\u2022 Ba\u00f1era y Ducha separada \u2022 Sal\u00f3n \u2022 Cama King Size \u2022 Habitaci\u00f3n separada de dos camas \u2022\u00a0Caja Fuerte\u00a0\u2022 M\u00e1quina de Caf\u00e9 \u2022 Minibar\u00a0\u2022 TV\u00a0\u2022 Internet\u00a0\u2022 Terraza<\/p>\n\t\r\n    <script src=\"http:\/\/ajax.googleapis.com\/ajax\/libs\/webfont\/1\/webfont.js\"><\/script>\r\n    <script type=\"text\/javascript\">\r\n\tWebFont.load({\r\n\t\tgoogle: {\r\n\t\tfamilies: ['Arial'] \/\/ saved value\r\n\t\t}\r\n\t});\r\n    <\/script>\r\n\r\n    <style>\r\n    #lbsp_573 .b-link-fade .b-wrapper,#lbsp_573 .b-link-fade .b-top-line{\r\n        background: rgba(52, 107, 27, 0.5);\r\n    }\r\n    #lbsp_573 .b-link-flow .b-wrapper,#lbsp_573 .b-link-flow .b-top-line{\r\n        background: rgba(52, 107, 27, 0.5);\r\n    }\r\n    #lbsp_573 .b-link-stroke .b-top-line{\r\n        background: rgba(52, 107, 27, 0.5);\r\n    }\r\n    #lbsp_573 .b-link-stroke .b-bottom-line{\r\n        background: rgba(52, 107, 27, 0.5);\r\n    }\r\n\r\n    #lbsp_573 .b-link-box .b-top-line{\r\n\r\n        border: 16px solid rgba(52, 107, 27, 0.5);\r\n    }\r\n    #lbsp_573 .b-link-box .b-bottom-line{\r\n        background: rgba(52, 107, 27, 0.5);\r\n    }\r\n    #lbsp_573 .b-link-stripe .b-line{\r\n        background: rgba(52, 107, 27, 0.5);\r\n    }\r\n    #lbsp_573 .b-link-apart-horisontal .b-top-line,#lbsp_573 .b-link-apart-horisontal .b-top-line-up{\r\n        background: rgba(52, 107, 27, 0.5);\r\n\r\n    }\r\n    #lbsp_573 .b-link-apart-horisontal .b-bottom-line,#lbsp_573 .b-link-apart-horisontal .b-bottom-line-up{\r\n        background: rgba(52, 107, 27, 0.5);\r\n    }\r\n    #lbsp_573 .b-link-apart-vertical .b-top-line,#lbsp_573 .b-link-apart-vertical .b-top-line-up{\r\n        background: rgba(52, 107, 27, 0.5);\r\n    }\r\n    #lbsp_573 .b-link-apart-vertical .b-bottom-line,#lbsp_573 .b-link-apart-vertical .b-bottom-line-up{\r\n        background: rgba(52, 107, 27, 0.5);\r\n    }\r\n    #lbsp_573 .b-link-diagonal .b-line{\r\n        background: rgba(52, 107, 27, 0.5);\r\n    }\r\n\r\n    #lbsp_573 .b-wrapper{\r\n        font-family:Arial; \/\/ real name pass here\r\n    }\r\n\t@media (min-width: 992px){\r\n\t\t#lbsp_573 .col-md-6 {\r\n\t\t\twidth: 49.97% !important;\r\n\t\t}\r\n\t\t#lbsp_573 .col-md-4 {\r\n\t\t\twidth: 33.30% !important;\r\n\t\t}\r\n\t\t#lbsp_573 .col-md-3 {\r\n\t\t\twidth: 24.90% !important;\r\n\t\t}\r\n\t\t#lbsp_573 .col-md-2 {\r\n\t\t\twidth: 16.60% !important;\r\n\t\t}\r\n\t}\r\n\timg {\r\n\t\tmax-width:1920px !important;\r\n\t}\r\n\t\r\n\t#lbsp_573 .lbsp_home_portfolio_caption{\r\n\t\tbackground:#FFFFFF;\r\n\t}\r\n\t#lbsp_573 .lbsp_home_portfolio_caption h3{\r\n\t\tcolor:#000000;\r\n\t}\r\n\t#lbsp_573 .fa{\r\n\t\tcolor:#FFFFFF!important;\r\n\t}\r\n\t\t#lbsp_573 .img-box-shadow{\r\n\t\tbox-shadow: 0 0 6px rgba(0,0,0,.7);\r\n\t}\r\n\t\t\r\n\t    <\/style>\r\n\r\n    \r\n    <div  class=\"gal-container photobox-lightbox\" id=\"lbsp_573\">\r\n\t\t\t\t\t<!--get the post id-->\r\n\t\t\t\t\t\t\r\n\t\t\t\t<!--Gallery Title-->\r\n\t\t\t\t\t\t\t\t\r\n\t\t\t\t<div class=\"gallery1\">\r\n\t\t\t\t\t\t\t\t\t\t\t<div class=\"col-md-6 col-sm-6 wl-gallery\" >\r\n\t\t\t\t\t\t\t<div class=\"img-box-shadow\">\r\n\t\t\t\t\t\t\t\t\t\t\t\t\t\t\t<div class=\"b-link-stripe b-animate-go\">\r\n\t\t\t\t\t\t\t\t\r\n\t\t\t\t\t\t\t\t\t<img decoding=\"async\" src=\"https:\/\/haciendareallosolivos.com\/wp1\/wp-content\/uploads\/2017\/01\/IMG_1857.jpg\" class=\"gall-img-responsive\" alt=\"\">\r\n\t\t\t\t\t\t\t\t\t<div class=\"b-wrapper\">\r\n\t\t\t\t\t\t\t\t\t\t<p class=\"b-from-right b-animate b-delay03\">\r\n\t\t\t\t\t\t\t\t\t\t\t\t\t\t\t\t\t\t\t\t\t\t\t<a title=\"\"  href=\"https:\/\/haciendareallosolivos.com\/wp1\/wp-content\/uploads\/2017\/01\/IMG_1857.jpg\">\r\n\t\t\t\t\t\t\t\t\t\t\t\t\t<i class=\"fa fa-camera fa-3x\"><\/i>\r\n\t\t\t\t\t\t\t\t\t\t\t\t\t<img decoding=\"async\" src=\"https:\/\/haciendareallosolivos.com\/wp1\/wp-content\/uploads\/2017\/01\/IMG_1857.jpg\" class=\"gall-img-responsive\" style=\"display:none !important; visibility:hidden\" alt=\"\">\r\n\t\t\t\t\t\t\t\t\t\t\t\t<\/a>\r\n\t\t\t\t\t\t\t\t\t\t\t\t\t\t\t\t\t\t\t\t\t\t<\/p>\r\n\t\t\t\t\t\t\t\t\t<\/div>\r\n\t\t\t\t\t\t\t\t<\/div>\t\r\n\t\t\t\t\t\t\t\t\t\t\t\t\t\t\t\t\t\r\n\t\t\t\t\t\t\t\t\r\n\t\t\t\t\t\t\t\t<!--Gallery Label-->\r\n\t\t\t\t\t\t\t\t\t\t\t\t\t\t\t<\/div>\r\n\t\t\t\t\t\t<\/div>\r\n\t\t\t\t\t\t\t\t\t\t\t\t<div class=\"col-md-6 col-sm-6 wl-gallery\" >\r\n\t\t\t\t\t\t\t<div class=\"img-box-shadow\">\r\n\t\t\t\t\t\t\t\t\t\t\t\t\t\t\t<div class=\"b-link-stripe b-animate-go\">\r\n\t\t\t\t\t\t\t\t\r\n\t\t\t\t\t\t\t\t\t<img decoding=\"async\" src=\"https:\/\/haciendareallosolivos.com\/wp1\/wp-content\/uploads\/2017\/01\/Sal\u00f3n-Suite-1.jpg\" class=\"gall-img-responsive\" alt=\"\">\r\n\t\t\t\t\t\t\t\t\t<div class=\"b-wrapper\">\r\n\t\t\t\t\t\t\t\t\t\t<p class=\"b-from-right b-animate b-delay03\">\r\n\t\t\t\t\t\t\t\t\t\t\t\t\t\t\t\t\t\t\t\t\t\t\t<a title=\"\"  href=\"https:\/\/haciendareallosolivos.com\/wp1\/wp-content\/uploads\/2017\/01\/Sal\u00f3n-Suite-1.jpg\">\r\n\t\t\t\t\t\t\t\t\t\t\t\t\t<i class=\"fa fa-camera fa-3x\"><\/i>\r\n\t\t\t\t\t\t\t\t\t\t\t\t\t<img decoding=\"async\" src=\"https:\/\/haciendareallosolivos.com\/wp1\/wp-content\/uploads\/2017\/01\/Sal\u00f3n-Suite-1.jpg\" class=\"gall-img-responsive\" style=\"display:none !important; visibility:hidden\" alt=\"\">\r\n\t\t\t\t\t\t\t\t\t\t\t\t<\/a>\r\n\t\t\t\t\t\t\t\t\t\t\t\t\t\t\t\t\t\t\t\t\t\t<\/p>\r\n\t\t\t\t\t\t\t\t\t<\/div>\r\n\t\t\t\t\t\t\t\t<\/div>\t\r\n\t\t\t\t\t\t\t\t\t\t\t\t\t\t\t\t\t\r\n\t\t\t\t\t\t\t\t\r\n\t\t\t\t\t\t\t\t<!--Gallery Label-->\r\n\t\t\t\t\t\t\t\t\t\t\t\t\t\t\t<\/div>\r\n\t\t\t\t\t\t<\/div>\r\n\t\t\t\t\t\t\t\t\t\t\t\t<div class=\"col-md-6 col-sm-6 wl-gallery\" >\r\n\t\t\t\t\t\t\t<div class=\"img-box-shadow\">\r\n\t\t\t\t\t\t\t\t\t\t\t\t\t\t\t<div class=\"b-link-stripe b-animate-go\">\r\n\t\t\t\t\t\t\t\t\r\n\t\t\t\t\t\t\t\t\t<img decoding=\"async\" src=\"https:\/\/haciendareallosolivos.com\/wp1\/wp-content\/uploads\/2017\/01\/Original-Estancia-Suite-Triana.jpg\" class=\"gall-img-responsive\" alt=\"\">\r\n\t\t\t\t\t\t\t\t\t<div class=\"b-wrapper\">\r\n\t\t\t\t\t\t\t\t\t\t<p class=\"b-from-right b-animate b-delay03\">\r\n\t\t\t\t\t\t\t\t\t\t\t\t\t\t\t\t\t\t\t\t\t\t\t<a title=\"\"  href=\"https:\/\/haciendareallosolivos.com\/wp1\/wp-content\/uploads\/2017\/01\/Original-Estancia-Suite-Triana.jpg\">\r\n\t\t\t\t\t\t\t\t\t\t\t\t\t<i class=\"fa fa-camera fa-3x\"><\/i>\r\n\t\t\t\t\t\t\t\t\t\t\t\t\t<img decoding=\"async\" src=\"https:\/\/haciendareallosolivos.com\/wp1\/wp-content\/uploads\/2017\/01\/Original-Estancia-Suite-Triana.jpg\" class=\"gall-img-responsive\" style=\"display:none !important; visibility:hidden\" alt=\"\">\r\n\t\t\t\t\t\t\t\t\t\t\t\t<\/a>\r\n\t\t\t\t\t\t\t\t\t\t\t\t\t\t\t\t\t\t\t\t\t\t<\/p>\r\n\t\t\t\t\t\t\t\t\t<\/div>\r\n\t\t\t\t\t\t\t\t<\/div>\t\r\n\t\t\t\t\t\t\t\t\t\t\t\t\t\t\t\t\t\r\n\t\t\t\t\t\t\t\t\r\n\t\t\t\t\t\t\t\t<!--Gallery Label-->\r\n\t\t\t\t\t\t\t\t\t\t\t\t\t\t\t<\/div>\r\n\t\t\t\t\t\t<\/div>\r\n\t\t\t\t\t\t\t\t\t\t\t\t<div class=\"col-md-6 col-sm-6 wl-gallery\" >\r\n\t\t\t\t\t\t\t<div class=\"img-box-shadow\">\r\n\t\t\t\t\t\t\t\t\t\t\t\t\t\t\t<div class=\"b-link-stripe b-animate-go\">\r\n\t\t\t\t\t\t\t\t\r\n\t\t\t\t\t\t\t\t\t<img decoding=\"async\" src=\"https:\/\/haciendareallosolivos.com\/wp1\/wp-content\/uploads\/2017\/01\/Original-Sal\u00f3n-Suite-Triana.jpg\" class=\"gall-img-responsive\" alt=\"\">\r\n\t\t\t\t\t\t\t\t\t<div class=\"b-wrapper\">\r\n\t\t\t\t\t\t\t\t\t\t<p class=\"b-from-right b-animate b-delay03\">\r\n\t\t\t\t\t\t\t\t\t\t\t\t\t\t\t\t\t\t\t\t\t\t\t<a title=\"\"  href=\"https:\/\/haciendareallosolivos.com\/wp1\/wp-content\/uploads\/2017\/01\/Original-Sal\u00f3n-Suite-Triana.jpg\">\r\n\t\t\t\t\t\t\t\t\t\t\t\t\t<i class=\"fa fa-camera fa-3x\"><\/i>\r\n\t\t\t\t\t\t\t\t\t\t\t\t\t<img decoding=\"async\" src=\"https:\/\/haciendareallosolivos.com\/wp1\/wp-content\/uploads\/2017\/01\/Original-Sal\u00f3n-Suite-Triana.jpg\" class=\"gall-img-responsive\" style=\"display:none !important; visibility:hidden\" alt=\"\">\r\n\t\t\t\t\t\t\t\t\t\t\t\t<\/a>\r\n\t\t\t\t\t\t\t\t\t\t\t\t\t\t\t\t\t\t\t\t\t\t<\/p>\r\n\t\t\t\t\t\t\t\t\t<\/div>\r\n\t\t\t\t\t\t\t\t<\/div>\t\r\n\t\t\t\t\t\t\t\t\t\t\t\t\t\t\t\t\t\r\n\t\t\t\t\t\t\t\t\r\n\t\t\t\t\t\t\t\t<!--Gallery Label-->\r\n\t\t\t\t\t\t\t\t\t\t\t\t\t\t\t<\/div>\r\n\t\t\t\t\t\t<\/div>\r\n\t\t\t\t\t\t\t\t\t\t\t\t<div class=\"col-md-6 col-sm-6 wl-gallery\" >\r\n\t\t\t\t\t\t\t<div class=\"img-box-shadow\">\r\n\t\t\t\t\t\t\t\t\t\t\t\t\t\t\t<div class=\"b-link-stripe b-animate-go\">\r\n\t\t\t\t\t\t\t\t\r\n\t\t\t\t\t\t\t\t\t<img decoding=\"async\" src=\"https:\/\/haciendareallosolivos.com\/wp1\/wp-content\/uploads\/2017\/01\/07122015-_SAM9508.jpg\" class=\"gall-img-responsive\" alt=\"\">\r\n\t\t\t\t\t\t\t\t\t<div class=\"b-wrapper\">\r\n\t\t\t\t\t\t\t\t\t\t<p class=\"b-from-right b-animate b-delay03\">\r\n\t\t\t\t\t\t\t\t\t\t\t\t\t\t\t\t\t\t\t\t\t\t\t<a title=\"\"  href=\"https:\/\/haciendareallosolivos.com\/wp1\/wp-content\/uploads\/2017\/01\/07122015-_SAM9508.jpg\">\r\n\t\t\t\t\t\t\t\t\t\t\t\t\t<i class=\"fa fa-camera fa-3x\"><\/i>\r\n\t\t\t\t\t\t\t\t\t\t\t\t\t<img decoding=\"async\" src=\"https:\/\/haciendareallosolivos.com\/wp1\/wp-content\/uploads\/2017\/01\/07122015-_SAM9508.jpg\" class=\"gall-img-responsive\" style=\"display:none !important; visibility:hidden\" alt=\"\">\r\n\t\t\t\t\t\t\t\t\t\t\t\t<\/a>\r\n\t\t\t\t\t\t\t\t\t\t\t\t\t\t\t\t\t\t\t\t\t\t<\/p>\r\n\t\t\t\t\t\t\t\t\t<\/div>\r\n\t\t\t\t\t\t\t\t<\/div>\t\r\n\t\t\t\t\t\t\t\t\t\t\t\t\t\t\t\t\t\r\n\t\t\t\t\t\t\t\t\r\n\t\t\t\t\t\t\t\t<!--Gallery Label-->\r\n\t\t\t\t\t\t\t\t\t\t\t\t\t\t\t<\/div>\r\n\t\t\t\t\t\t<\/div>\r\n\t\t\t\t\t\t\t\t\t\t\t\t<div class=\"col-md-6 col-sm-6 wl-gallery\" >\r\n\t\t\t\t\t\t\t<div class=\"img-box-shadow\">\r\n\t\t\t\t\t\t\t\t\t\t\t\t\t\t\t<div class=\"b-link-stripe b-animate-go\">\r\n\t\t\t\t\t\t\t\t\r\n\t\t\t\t\t\t\t\t\t<img decoding=\"async\" src=\"https:\/\/haciendareallosolivos.com\/wp1\/wp-content\/uploads\/2017\/01\/06122015-_SAM9502.jpg\" class=\"gall-img-responsive\" alt=\"\">\r\n\t\t\t\t\t\t\t\t\t<div class=\"b-wrapper\">\r\n\t\t\t\t\t\t\t\t\t\t<p class=\"b-from-right b-animate b-delay03\">\r\n\t\t\t\t\t\t\t\t\t\t\t\t\t\t\t\t\t\t\t\t\t\t\t<a title=\"\"  href=\"https:\/\/haciendareallosolivos.com\/wp1\/wp-content\/uploads\/2017\/01\/06122015-_SAM9502.jpg\">\r\n\t\t\t\t\t\t\t\t\t\t\t\t\t<i class=\"fa fa-camera fa-3x\"><\/i>\r\n\t\t\t\t\t\t\t\t\t\t\t\t\t<img decoding=\"async\" src=\"https:\/\/haciendareallosolivos.com\/wp1\/wp-content\/uploads\/2017\/01\/06122015-_SAM9502.jpg\" class=\"gall-img-responsive\" style=\"display:none !important; visibility:hidden\" alt=\"\">\r\n\t\t\t\t\t\t\t\t\t\t\t\t<\/a>\r\n\t\t\t\t\t\t\t\t\t\t\t\t\t\t\t\t\t\t\t\t\t\t<\/p>\r\n\t\t\t\t\t\t\t\t\t<\/div>\r\n\t\t\t\t\t\t\t\t<\/div>\t\r\n\t\t\t\t\t\t\t\t\t\t\t\t\t\t\t\t\t\r\n\t\t\t\t\t\t\t\t\r\n\t\t\t\t\t\t\t\t<!--Gallery Label-->\r\n\t\t\t\t\t\t\t\t\t\t\t\t\t\t\t<\/div>\r\n\t\t\t\t\t\t<\/div>\r\n\t\t\t\t\t\t\t\t\t\t\t\t<div class=\"col-md-6 col-sm-6 wl-gallery\" >\r\n\t\t\t\t\t\t\t<div class=\"img-box-shadow\">\r\n\t\t\t\t\t\t\t\t\t\t\t\t\t\t\t<div class=\"b-link-stripe b-animate-go\">\r\n\t\t\t\t\t\t\t\t\r\n\t\t\t\t\t\t\t\t\t<img decoding=\"async\" src=\"https:\/\/haciendareallosolivos.com\/wp1\/wp-content\/uploads\/2017\/01\/IMG_1871.jpg\" class=\"gall-img-responsive\" alt=\"\">\r\n\t\t\t\t\t\t\t\t\t<div class=\"b-wrapper\">\r\n\t\t\t\t\t\t\t\t\t\t<p class=\"b-from-right b-animate b-delay03\">\r\n\t\t\t\t\t\t\t\t\t\t\t\t\t\t\t\t\t\t\t\t\t\t\t<a title=\"\"  href=\"https:\/\/haciendareallosolivos.com\/wp1\/wp-content\/uploads\/2017\/01\/IMG_1871.jpg\">\r\n\t\t\t\t\t\t\t\t\t\t\t\t\t<i class=\"fa fa-camera fa-3x\"><\/i>\r\n\t\t\t\t\t\t\t\t\t\t\t\t\t<img decoding=\"async\" src=\"https:\/\/haciendareallosolivos.com\/wp1\/wp-content\/uploads\/2017\/01\/IMG_1871.jpg\" class=\"gall-img-responsive\" style=\"display:none !important; visibility:hidden\" alt=\"\">\r\n\t\t\t\t\t\t\t\t\t\t\t\t<\/a>\r\n\t\t\t\t\t\t\t\t\t\t\t\t\t\t\t\t\t\t\t\t\t\t<\/p>\r\n\t\t\t\t\t\t\t\t\t<\/div>\r\n\t\t\t\t\t\t\t\t<\/div>\t\r\n\t\t\t\t\t\t\t\t\t\t\t\t\t\t\t\t\t\r\n\t\t\t\t\t\t\t\t\r\n\t\t\t\t\t\t\t\t<!--Gallery Label-->\r\n\t\t\t\t\t\t\t\t\t\t\t\t\t\t\t<\/div>\r\n\t\t\t\t\t\t<\/div>\r\n\t\t\t\t\t\t\t\t\t\t\t\t<div class=\"col-md-6 col-sm-6 wl-gallery\" >\r\n\t\t\t\t\t\t\t<div class=\"img-box-shadow\">\r\n\t\t\t\t\t\t\t\t\t\t\t\t\t\t\t<div class=\"b-link-stripe b-animate-go\">\r\n\t\t\t\t\t\t\t\t\r\n\t\t\t\t\t\t\t\t\t<img decoding=\"async\" src=\"https:\/\/haciendareallosolivos.com\/wp1\/wp-content\/uploads\/2017\/01\/C-_Users_Jorge_Desktop_Terraza-Suite-Recuperado.jpg\" class=\"gall-img-responsive\" alt=\"\">\r\n\t\t\t\t\t\t\t\t\t<div class=\"b-wrapper\">\r\n\t\t\t\t\t\t\t\t\t\t<p class=\"b-from-right b-animate b-delay03\">\r\n\t\t\t\t\t\t\t\t\t\t\t\t\t\t\t\t\t\t\t\t\t\t\t<a title=\"\"  href=\"https:\/\/haciendareallosolivos.com\/wp1\/wp-content\/uploads\/2017\/01\/C-_Users_Jorge_Desktop_Terraza-Suite-Recuperado.jpg\">\r\n\t\t\t\t\t\t\t\t\t\t\t\t\t<i class=\"fa fa-camera fa-3x\"><\/i>\r\n\t\t\t\t\t\t\t\t\t\t\t\t\t<img decoding=\"async\" src=\"https:\/\/haciendareallosolivos.com\/wp1\/wp-content\/uploads\/2017\/01\/C-_Users_Jorge_Desktop_Terraza-Suite-Recuperado.jpg\" class=\"gall-img-responsive\" style=\"display:none !important; visibility:hidden\" alt=\"\">\r\n\t\t\t\t\t\t\t\t\t\t\t\t<\/a>\r\n\t\t\t\t\t\t\t\t\t\t\t\t\t\t\t\t\t\t\t\t\t\t<\/p>\r\n\t\t\t\t\t\t\t\t\t<\/div>\r\n\t\t\t\t\t\t\t\t<\/div>\t\r\n\t\t\t\t\t\t\t\t\t\t\t\t\t\t\t\t\t\r\n\t\t\t\t\t\t\t\t\r\n\t\t\t\t\t\t\t\t<!--Gallery Label-->\r\n\t\t\t\t\t\t\t\t\t\t\t\t\t\t\t<\/div>\r\n\t\t\t\t\t\t<\/div>\r\n\t\t\t\t\t\t\t\t\t\t<\/div>\r\n\t\t\t\t\r\n\t\t    <\/div>\r\n\r\n\t<!-- Photo box-->\r\n        <script>\r\n\t\tjQuery(document).ready(function() {\r\n\t\t\tjQuery('.photobox-lightbox').photobox('a');\r\n\t\t\t\/\/ or with a fancier selector and some settings, and a callback:\r\n\t\t\tjQuery('.photobox-lightbox').photobox('a:first', { thumbs:false, time:0 });\r\n\t\t});\r\n    <\/script>\r\n    \t\r\n\t\r\n\t<!-- Swipe Box-->\r\n\t\t\r\n\t<!-- Ion box-->\r\n\t\t\r\n\t\r\n\t<!-- Fancy box-->\r\n\t\t\t\r\n        \n","protected":false},"excerpt":{"rendered":"<p>Superiores, Situadas en la planta alta, una de las zonas m\u00e1s exclusivas del hotel, se caracterizan por tener unas hermosas vistas panor\u00e1micas desde la terraza de todo el complejo hotelero y sus alrededores. \u00a0Por supuesto, ofrecen todo tipo de comodidades [&hellip;]<\/p>\n","protected":false},"author":3,"featured_media":0,"parent":18,"menu_order":0,"comment_status":"closed","ping_status":"closed","template":"","meta":{"footnotes":""},"class_list":["post-65","page","type-page","status-publish","hentry"],"_links":{"self":[{"href":"https:\/\/haciendareallosolivos.com\/wp1\/wp-json\/wp\/v2\/pages\/65","targetHints":{"allow":["GET"]}}],"collection":[{"href":"https:\/\/haciendareallosolivos.com\/wp1\/wp-json\/wp\/v2\/pages"}],"about":[{"href":"https:\/\/haciendareallosolivos.com\/wp1\/wp-json\/wp\/v2\/types\/page"}],"author":[{"embeddable":true,"href":"https:\/\/haciendareallosolivos.com\/wp1\/wp-json\/wp\/v2\/users\/3"}],"replies":[{"embeddable":true,"href":"https:\/\/haciendareallosolivos.com\/wp1\/wp-json\/wp\/v2\/comments?post=65"}],"version-history":[{"count":7,"href":"https:\/\/haciendareallosolivos.com\/wp1\/wp-json\/wp\/v2\/pages\/65\/revisions"}],"predecessor-version":[{"id":836,"href":"https:\/\/haciendareallosolivos.com\/wp1\/wp-json\/wp\/v2\/pages\/65\/revisions\/836"}],"up":[{"embeddable":true,"href":"https:\/\/haciendareallosolivos.com\/wp1\/wp-json\/wp\/v2\/pages\/18"}],"wp:attachment":[{"href":"https:\/\/haciendareallosolivos.com\/wp1\/wp-json\/wp\/v2\/media?parent=65"}],"curies":[{"name":"wp","href":"https:\/\/api.w.org\/{rel}","templated":true}]}}